{"id":447,"date":"2019-05-03T19:29:13","date_gmt":"2019-05-03T19:29:13","guid":{"rendered":"https:\/\/bminvest.rs\/?page_id=447"},"modified":"2021-06-25T15:18:35","modified_gmt":"2021-06-25T15:18:35","slug":"petosobni-stanovi-leskovac","status":"publish","type":"page","link":"https:\/\/bminvest.rs\/index.php\/petosobni-stanovi-leskovac\/","title":{"rendered":"Petosobni  Stanovi U Leskovcu"},"content":{"rendered":"\t\t<div data-elementor-type=\"wp-post\" data-elementor-id=\"447\" class=\"elementor elementor-447\">\n\t\t\t\t\t\t<div class=\"elementor-inner\">\n\t\t\t\t<div class=\"elementor-section-wrap\">\n\t\t\t\t\t\t\t\t\t<section class=\"elementor-section elementor-top-section elementor-element elementor-element-46be367 prodato elementor-section-boxed elementor-section-height-default elementor-section-height-default\" data-id=\"46be367\" data-element_type=\"section\">\n\t\t\t\t\t\t<div class=\"elementor-container elementor-column-gap-default\">\n\t\t\t\t\t\t\t<div class=\"elementor-row\">\n\t\t\t\t\t<div class=\"elementor-column elementor-col-50 elementor-top-column elementor-element elementor-element-b10954d\" data-id=\"b10954d\" data-element_type=\"column\">\n\t\t\t<div class=\"elementor-column-wrap elementor-element-populated\">\n\t\t\t\t\t\t\t<div class=\"elementor-widget-wrap\">\n\t\t\t\t\t\t<div class=\"elementor-element elementor-element-1dbca72 elementor-widget elementor-widget-image\" data-id=\"1dbca72\" data-element_type=\"widget\" data-widget_type=\"image.default\">\n\t\t\t\t<div class=\"elementor-widget-container\">\n\t\t\t\t\t\t\t\t<div class=\"elementor-image\">\n\t\t\t\t\t\t\t\t\t\t\t\t\t<a href=\"https:\/\/bminvest.rs\/wp-content\/uploads\/2019\/07\/petosoban-stan-19-2.jpg\">\n\t\t\t\t\t\t\t<img decoding=\"async\" width=\"720\" height=\"843\" src=\"https:\/\/bminvest.rs\/wp-content\/uploads\/2019\/07\/petosoban-stan-19-2-875x1024.jpg\" class=\"attachment-large size-large wp-image-900\" alt=\"\" loading=\"lazy\" srcset=\"https:\/\/bminvest.rs\/wp-content\/uploads\/2019\/07\/petosoban-stan-19-2-875x1024.jpg 875w, https:\/\/bminvest.rs\/wp-content\/uploads\/2019\/07\/petosoban-stan-19-2-256x300.jpg 256w, https:\/\/bminvest.rs\/wp-content\/uploads\/2019\/07\/petosoban-stan-19-2-768x899.jpg 768w, https:\/\/bminvest.rs\/wp-content\/uploads\/2019\/07\/petosoban-stan-19-2.jpg 892w\" sizes=\"(max-width: 720px) 100vw, 720px\" \/>\t\t\t\t\t\t\t\t<\/a>\n\t\t\t\t\t\t\t\t\t\t\t\t\t\t<\/div>\n\t\t\t\t\t\t<\/div>\n\t\t\t\t<\/div>\n\t\t\t\t\t\t<\/div>\n\t\t\t\t\t<\/div>\n\t\t<\/div>\n\t\t\t\t<div class=\"elementor-column elementor-col-50 elementor-top-column elementor-element elementor-element-cf02d73\" data-id=\"cf02d73\" data-element_type=\"column\">\n\t\t\t<div class=\"elementor-column-wrap elementor-element-populated\">\n\t\t\t\t\t\t\t<div class=\"elementor-widget-wrap\">\n\t\t\t\t\t\t<div class=\"elementor-element elementor-element-afb797e elementor-widget elementor-widget-text-editor\" data-id=\"afb797e\" data-element_type=\"widget\" data-widget_type=\"text-editor.default\">\n\t\t\t\t<div class=\"elementor-widget-container\">\n\t\t\t\t\t\t\t\t<div class=\"elementor-text-editor elementor-clearfix\">\n\t\t\t\t<p id=\"tabela_naslov\"><strong>Stan br.19<\/strong><\/p><table id=\"tabela_prostorija\"><tbody><tr><td>1.<\/td><td>Dnevni boravak &#8211; Parket<\/td><td>33.68M2<\/td><\/tr><tr><td>2.<\/td><td>Spava\u0107a soba &#8211; Parket<\/td><td>10.23M2<\/td><\/tr><tr><td>3.<\/td><td>Kuhinja\/Obedovanje &#8211; Keram\/Parket<\/td><td>27.54M2<\/td><\/tr><tr><td>4.<\/td><td>Lo\u0111a &#8211; Keramika<\/td><td>3.42M2<\/td><\/tr><tr><td>5.<\/td><td>Kupatilo &#8211; Keramika<\/td><td>3.41M2<\/td><\/tr><tr><td>6.<\/td><td>Spava\u0107a soba &#8211; Parket<\/td><td>10.07M2<\/td><\/tr><tr><td><strong>7<\/strong>.<\/td><td>Spava\u0107a soba &#8211; Parket<\/td><td>16.42M2<\/td><\/tr><tr><td>8.<\/td><td>Hodnik &#8211; Keramika<\/td><td>7.96M2<\/td><\/tr><tr><td>9.<\/td><td>Lo\u0111a &#8211; Keramika<\/td><td>3.50M2<\/td><\/tr><tr><td>10.<\/td><td>WC &#8211; Keramika<\/td><td>4.72M2<\/td><\/tr><tr><td>11.<\/td><td>Dega\u017eman &#8211; Parket<\/td><td>3.89M2<\/td><\/tr><tr><td>12.<\/td><td>Radna soba &#8211; Parket<\/td><td>9.72M2<\/td><\/tr><tr><td>13.<\/td><td>WC &#8211; Keramika<\/td><td>2.43M2<\/td><\/tr><tr><td>14.<\/td><td>Lo\u0111a &#8211; Keramika<\/td><td>3.61M2<\/td><\/tr><tr class=\"ukupno\"><td colspan=\"2\">\u00a0<\/td><td>\u00a0<\/td><\/tr><tr><td>\u00a0<\/td><td><strong>Povr\u0161ina stana neto:<\/strong><\/td><td><strong>140.60M2<\/strong><\/td><\/tr><tr class=\"ukupno\"><td colspan=\"2\">\u00a0<\/td><td>\u00a0<\/td><\/tr><\/tbody><\/table>\t\t\t\t\t<\/div>\n\t\t\t\t\t\t<\/div>\n\t\t\t\t<\/div>\n\t\t\t\t\t\t<\/div>\n\t\t\t\t\t<\/div>\n\t\t<\/div>\n\t\t\t\t\t\t\t\t<\/div>\n\t\t\t\t\t<\/div>\n\t\t<\/section>\n\t\t\t\t<section class=\"elementor-section elementor-top-section elementor-element elementor-element-b90d7f7 elementor-section-boxed elementor-section-height-default elementor-section-height-default\" data-id=\"b90d7f7\" data-element_type=\"section\">\n\t\t\t\t\t\t<div class=\"elementor-container elementor-column-gap-default\">\n\t\t\t\t\t\t\t<div class=\"elementor-row\">\n\t\t\t\t\t<div class=\"elementor-column elementor-col-100 elementor-top-column elementor-element elementor-element-799002d\" data-id=\"799002d\" data-element_type=\"column\">\n\t\t\t<div class=\"elementor-column-wrap elementor-element-populated\">\n\t\t\t\t\t\t\t<div class=\"elementor-widget-wrap\">\n\t\t\t\t\t\t<div class=\"elementor-element elementor-element-5ebe6d3 elementor-widget-divider--view-line elementor-widget elementor-widget-divider\" data-id=\"5ebe6d3\" data-element_type=\"widget\" data-widget_type=\"divider.default\">\n\t\t\t\t<div class=\"elementor-widget-container\">\n\t\t\t\t\t<div class=\"elementor-divider\">\n\t\t\t<span class=\"elementor-divider-separator\">\n\t\t\t\t\t\t<\/span>\n\t\t<\/div>\n\t\t\t\t<\/div>\n\t\t\t\t<\/div>\n\t\t\t\t\t\t<\/div>\n\t\t\t\t\t<\/div>\n\t\t<\/div>\n\t\t\t\t\t\t\t\t<\/div>\n\t\t\t\t\t<\/div>\n\t\t<\/section>\n\t\t\t\t<section class=\"elementor-section elementor-top-section elementor-element elementor-element-88b4a01 prodato elementor-section-boxed elementor-section-height-default elementor-section-height-default\" data-id=\"88b4a01\" data-element_type=\"section\">\n\t\t\t\t\t\t<div class=\"elementor-container elementor-column-gap-default\">\n\t\t\t\t\t\t\t<div class=\"elementor-row\">\n\t\t\t\t\t<div class=\"elementor-column elementor-col-50 elementor-top-column elementor-element elementor-element-f6efd7a\" data-id=\"f6efd7a\" data-element_type=\"column\">\n\t\t\t<div class=\"elementor-column-wrap elementor-element-populated\">\n\t\t\t\t\t\t\t<div class=\"elementor-widget-wrap\">\n\t\t\t\t\t\t<div class=\"elementor-element elementor-element-0b449ee elementor-widget elementor-widget-image\" data-id=\"0b449ee\" data-element_type=\"widget\" data-widget_type=\"image.default\">\n\t\t\t\t<div class=\"elementor-widget-container\">\n\t\t\t\t\t\t\t\t<div class=\"elementor-image\">\n\t\t\t\t\t\t\t\t\t\t\t\t\t<a href=\"https:\/\/bminvest.rs\/wp-content\/uploads\/2019\/07\/petosoban-stan-20.jpg\">\n\t\t\t\t\t\t\t<img decoding=\"async\" width=\"720\" height=\"893\" src=\"https:\/\/bminvest.rs\/wp-content\/uploads\/2019\/07\/petosoban-stan-20.jpg\" class=\"attachment-large size-large wp-image-805\" alt=\"\" loading=\"lazy\" srcset=\"https:\/\/bminvest.rs\/wp-content\/uploads\/2019\/07\/petosoban-stan-20.jpg 820w, https:\/\/bminvest.rs\/wp-content\/uploads\/2019\/07\/petosoban-stan-20-242x300.jpg 242w, https:\/\/bminvest.rs\/wp-content\/uploads\/2019\/07\/petosoban-stan-20-768x953.jpg 768w\" sizes=\"(max-width: 720px) 100vw, 720px\" \/>\t\t\t\t\t\t\t\t<\/a>\n\t\t\t\t\t\t\t\t\t\t\t\t\t\t<\/div>\n\t\t\t\t\t\t<\/div>\n\t\t\t\t<\/div>\n\t\t\t\t\t\t<\/div>\n\t\t\t\t\t<\/div>\n\t\t<\/div>\n\t\t\t\t<div class=\"elementor-column elementor-col-50 elementor-top-column elementor-element elementor-element-78ab050\" data-id=\"78ab050\" data-element_type=\"column\">\n\t\t\t<div class=\"elementor-column-wrap elementor-element-populated\">\n\t\t\t\t\t\t\t<div class=\"elementor-widget-wrap\">\n\t\t\t\t\t\t<div class=\"elementor-element elementor-element-7458a40 elementor-widget elementor-widget-text-editor\" data-id=\"7458a40\" data-element_type=\"widget\" data-widget_type=\"text-editor.default\">\n\t\t\t\t<div class=\"elementor-widget-container\">\n\t\t\t\t\t\t\t\t<div class=\"elementor-text-editor elementor-clearfix\">\n\t\t\t\t<p id=\"tabela_naslov\"><strong>Stan br<\/strong><strong>.20<\/strong><\/p><table id=\"tabela_prostorija\"><tbody><tr><td>1.<\/td><td>Dnevni boravak &#8211; Parket<\/td><td>34.64M2<\/td><\/tr><tr><td>2.<\/td><td>Spava\u0107a soba &#8211; Parket<\/td><td>8.94M2<\/td><\/tr><tr><td>3.<\/td><td>Kuhinja\/Obedovanje &#8211; Keram\/Parket<\/td><td>21.80M2<\/td><\/tr><tr><td>4.<\/td><td>Spava\u0107a soba &#8211; Parket<\/td><td>11.98M2<\/td><\/tr><tr><td>5.<\/td><td>Kupatilo &#8211; Keramika<\/td><td>5.01M2<\/td><\/tr><tr><td>6.<\/td><td>Spava\u0107a soba &#8211; Parket<\/td><td>12.08M2<\/td><\/tr><tr><td><strong>7<\/strong>.<\/td><td>Spava\u0107a soba &#8211; Parket<\/td><td>13.56M2<\/td><\/tr><tr><td>8.<\/td><td>Hodnik &#8211; Keramika<\/td><td>6.47M2<\/td><\/tr><tr><td>9.<\/td><td>Lo\u0111a &#8211; Keramika<\/td><td>2.20M2<\/td><\/tr><tr><td>10.<\/td><td>WC &#8211; Keramika<\/td><td>1.62M2<\/td><\/tr><tr><td>11.<\/td><td>Dega\u017eman &#8211; Parket<\/td><td>9.18M2<\/td><\/tr><tr><td>12.<\/td><td>Balkon &#8211; Keramika<\/td><td>2.25.M2<\/td><\/tr><tr><td>13.<\/td><td>Garderoba &#8211; Parket<\/td><td>6.21M2<\/td><\/tr><tr><td>14.<\/td><td>Kupatilo &#8211; Keramika<\/td><td>3.87M2<\/td><\/tr><tr class=\"ukupno\"><td colspan=\"2\">\u00a0<\/td><td>\u00a0<\/td><\/tr><tr><td>\u00a0<\/td><td><strong>Povr\u0161ina stana neto:<\/strong><\/td><td><strong>139.75M2<\/strong><\/td><\/tr><tr class=\"ukupno\"><td colspan=\"2\">\u00a0<\/td><td>\u00a0<\/td><\/tr><\/tbody><\/table>\t\t\t\t\t<\/div>\n\t\t\t\t\t\t<\/div>\n\t\t\t\t<\/div>\n\t\t\t\t\t\t<\/div>\n\t\t\t\t\t<\/div>\n\t\t<\/div>\n\t\t\t\t\t\t\t\t<\/div>\n\t\t\t\t\t<\/div>\n\t\t<\/section>\n\t\t\t\t\t\t\t\t\t<\/div>\n\t\t\t<\/div>\n\t\t\t\t\t<\/div>\n\t\t","protected":false},"excerpt":{"rendered":"<p>Stan br.19 1. Dnevni boravak &#8211; Parket 33.68M2 2. Spava\u0107a soba &#8211; Parket 10.23M2 3. Kuhinja\/Obedovanje &#8211; Keram\/Parket 27.54M2 4. Lo\u0111a &#8211; Keramika 3.42M2 5. Kupatilo &#8211; Keramika 3.41M2 6. Spava\u0107a soba &#8211; Parket 10.07M2 7. Spava\u0107a soba &#8211; Parket 16.42M2 8. Hodnik &#8211; Keramika 7.96M2 9. Lo\u0111a &#8211; Keramika 3.50M2 10. WC &#8211; Keramika [&hellip;]<\/p>\n","protected":false},"author":1,"featured_media":0,"parent":0,"menu_order":0,"comment_status":"closed","ping_status":"closed","template":"template-fullwidth.php","meta":[],"_links":{"self":[{"href":"https:\/\/bminvest.rs\/index.php\/wp-json\/wp\/v2\/pages\/447"}],"collection":[{"href":"https:\/\/bminvest.rs\/index.php\/wp-json\/wp\/v2\/pages"}],"about":[{"href":"https:\/\/bminvest.rs\/index.php\/wp-json\/wp\/v2\/types\/page"}],"author":[{"embeddable":true,"href":"https:\/\/bminvest.rs\/index.php\/wp-json\/wp\/v2\/users\/1"}],"replies":[{"embeddable":true,"href":"https:\/\/bminvest.rs\/index.php\/wp-json\/wp\/v2\/comments?post=447"}],"version-history":[{"count":46,"href":"https:\/\/bminvest.rs\/index.php\/wp-json\/wp\/v2\/pages\/447\/revisions"}],"predecessor-version":[{"id":1062,"href":"https:\/\/bminvest.rs\/index.php\/wp-json\/wp\/v2\/pages\/447\/revisions\/1062"}],"wp:attachment":[{"href":"https:\/\/bminvest.rs\/index.php\/wp-json\/wp\/v2\/media?parent=447"}],"curies":[{"name":"wp","href":"https:\/\/api.w.org\/{rel}","templated":true}]}}