{"id":317,"date":"2019-05-02T15:21:21","date_gmt":"2019-05-02T15:21:21","guid":{"rendered":"https:\/\/bminvest.rs\/?page_id=317"},"modified":"2019-07-17T10:53:31","modified_gmt":"2019-07-17T10:53:31","slug":"kvalitet-vaseg-doma","status":"publish","type":"page","link":"https:\/\/bminvest.rs\/index.php\/kvalitet-vaseg-doma\/","title":{"rendered":"KVALITET VA\u0160EG DOMA"},"content":{"rendered":"\n<p>Za BM INVEST GROUP ja najbitniji kvalitet gradnje. Zbog toga biramo samo najbolje proizvo\u0111a\u010de materijala i opreme sa garancijom za ispravno funkcionisanje sve opreme i materijala ugra\u0111enog u va\u0161oj nepokretnosti, uz po\u0161tovanje svih standarda u pogledu kvaliteta opreme i materijala. Prilikom izbora izvo\u0111a\u010da, biramo samo izvo\u0111a\u010de sa dugogodi\u0161njim iskustvom u izgradnji ove vrste objekata, koji svojim iskustvom i znanjem garantuju kvalitet izvo\u0111enja radova, efikasnost i pouzdanost u izgradnji. Sara\u0111ujemo sa najboljima jer zahtevamo najbolje, kako bi mogli da ponudimo najbolje.<\/p>\n\n\n\n<p>Zgrada \u0107e biti opremljena najkvalitetnijim materijalima, po\u010de\u0161i od aluminujumskih ulaznih vrata, poliranog granite velikih dimenzija u hodnicima, lifta marke \u201cKONE\u201d, do kvalitetne hidro, zvu\u010dne i termo izolacije.<\/p>\n\n\n\n<p> Stanovi \u0107e biti opremljeni savremenim i modrednim elementima, projektovanim da va\u0161 \u017eivotni prostor u\u010dine elegantnijim, prakti\u010dnijim i kvalitetnijim za \u017eivot. Tako \u0107e stanovi biti opremljeni sigurnosnim vratima, granitnom keramikom, parketom 1. klase sa visokim parket lajsnama, \u0161estokomornom PVC stolarijom sa roletnama, a kupatila opremljna sanitarijom koja obuhvata ugradni sistem vodokotli\u0107a tipa Geberit ili sli\u010dno i tu\u0161 kabinom od kaljenog stakla (staklenim paravanima).<br><\/p>\n\n\n\n<p> Na\u0161im kupcima u fazi izgradnje (pre ugradnje pojedina\u010dnih elemenata) nudimo mogu\u0107nost izbora pojedina\u010dnih elemenata i ugradnju istih, uz doplatu ukoliko cena izabranog elementa prevazilazi iznos cene elementa planiranog od strane Investitora. Za detalje u vezi opremljenosti stanova pojedina\u010dnim elementima i opremom, informi\u0161ite se neposredno kod Investitora.<\/p>\n","protected":false},"excerpt":{"rendered":"<p>Za BM INVEST GROUP ja najbitniji kvalitet gradnje. Zbog toga biramo samo najbolje proizvo\u0111a\u010de materijala i opreme sa garancijom za ispravno funkcionisanje sve opreme i materijala ugra\u0111enog u va\u0161oj nepokretnosti, uz po\u0161tovanje svih standarda u pogledu kvaliteta opreme i materijala. Prilikom izbora izvo\u0111a\u010da, biramo samo izvo\u0111a\u010de sa dugogodi\u0161njim iskustvom u izgradnji ove vrste objekata, koji [&hellip;]<\/p>\n","protected":false},"author":1,"featured_media":691,"parent":0,"menu_order":0,"comment_status":"closed","ping_status":"closed","template":"template-fullwidth.php","meta":[],"_links":{"self":[{"href":"https:\/\/bminvest.rs\/index.php\/wp-json\/wp\/v2\/pages\/317"}],"collection":[{"href":"https:\/\/bminvest.rs\/index.php\/wp-json\/wp\/v2\/pages"}],"about":[{"href":"https:\/\/bminvest.rs\/index.php\/wp-json\/wp\/v2\/types\/page"}],"author":[{"embeddable":true,"href":"https:\/\/bminvest.rs\/index.php\/wp-json\/wp\/v2\/users\/1"}],"replies":[{"embeddable":true,"href":"https:\/\/bminvest.rs\/index.php\/wp-json\/wp\/v2\/comments?post=317"}],"version-history":[{"count":11,"href":"https:\/\/bminvest.rs\/index.php\/wp-json\/wp\/v2\/pages\/317\/revisions"}],"predecessor-version":[{"id":909,"href":"https:\/\/bminvest.rs\/index.php\/wp-json\/wp\/v2\/pages\/317\/revisions\/909"}],"wp:featuredmedia":[{"embeddable":true,"href":"https:\/\/bminvest.rs\/index.php\/wp-json\/wp\/v2\/media\/691"}],"wp:attachment":[{"href":"https:\/\/bminvest.rs\/index.php\/wp-json\/wp\/v2\/media?parent=317"}],"curies":[{"name":"wp","href":"https:\/\/api.w.org\/{rel}","templated":true}]}}