{"id":1695,"date":"2023-08-04T19:25:17","date_gmt":"2023-08-04T19:25:17","guid":{"rendered":"https:\/\/bminvest.rs\/?page_id=1695"},"modified":"2024-03-30T19:34:53","modified_gmt":"2024-03-30T19:34:53","slug":"tip-stana-5","status":"publish","type":"page","link":"https:\/\/bminvest.rs\/index.php\/tip-stana-5\/","title":{"rendered":"Tip stana 5"},"content":{"rendered":"\t\t<div data-elementor-type=\"wp-page\" data-elementor-id=\"1695\" class=\"elementor elementor-1695\">\n\t\t\t\t\t\t<div class=\"elementor-inner\">\n\t\t\t\t<div class=\"elementor-section-wrap\">\n\t\t\t\t\t\t\t\t\t<section class=\"elementor-section elementor-top-section elementor-element elementor-element-4892fea7 elementor-section-boxed elementor-section-height-default elementor-section-height-default\" data-id=\"4892fea7\" data-element_type=\"section\">\n\t\t\t\t\t\t<div class=\"elementor-container elementor-column-gap-default\">\n\t\t\t\t\t\t\t<div class=\"elementor-row\">\n\t\t\t\t\t<div class=\"elementor-column elementor-col-50 elementor-top-column elementor-element elementor-element-ee20c8d\" data-id=\"ee20c8d\" data-element_type=\"column\">\n\t\t\t<div class=\"elementor-column-wrap elementor-element-populated\">\n\t\t\t\t\t\t\t<div class=\"elementor-widget-wrap\">\n\t\t\t\t\t\t<div class=\"elementor-element elementor-element-4bb85040 elementor-widget elementor-widget-text-editor\" data-id=\"4bb85040\" data-element_type=\"widget\" data-widget_type=\"text-editor.default\">\n\t\t\t\t<div class=\"elementor-widget-container\">\n\t\t\t\t\t\t\t\t<div class=\"elementor-text-editor elementor-clearfix\">\n\t\t\t\t<h3 style=\"text-align: left;\">Tip stana 5<\/h3>\t\t\t\t\t<\/div>\n\t\t\t\t\t\t<\/div>\n\t\t\t\t<\/div>\n\t\t\t\t<div class=\"elementor-element elementor-element-e96a0f5 elementor-widget-divider--view-line elementor-invisible elementor-widget elementor-widget-divider\" data-id=\"e96a0f5\" data-element_type=\"widget\" data-settings=\"{&quot;_animation&quot;:&quot;slideInLeft&quot;}\" data-widget_type=\"divider.default\">\n\t\t\t\t<div class=\"elementor-widget-container\">\n\t\t\t\t\t<div class=\"elementor-divider\">\n\t\t\t<span class=\"elementor-divider-separator\">\n\t\t\t\t\t\t<\/span>\n\t\t<\/div>\n\t\t\t\t<\/div>\n\t\t\t\t<\/div>\n\t\t\t\t<div class=\"elementor-element elementor-element-1ffcba4 elementor-widget elementor-widget-text-editor\" data-id=\"1ffcba4\" data-element_type=\"widget\" data-widget_type=\"text-editor.default\">\n\t\t\t\t<div class=\"elementor-widget-container\">\n\t\t\t\t\t\t\t\t<div class=\"elementor-text-editor elementor-clearfix\">\n\t\t\t\t<p>O\u010daravaju\u0107i Stan koji pleni udobno\u0161\u0107u i \u0161armom \u010deka da vas osvoji. Sme\u0161ten u mirnom delu grada, nude\u0107i savr\u0161enu ravnote\u017eu izme\u0111u urbanog pulsa i li\u010dne privatnosti. Njegova idealna lokacija omogu\u0107ava vam brz i lak pristup svim delovima grada.<\/p><p>Stan je osmi\u0161ljen kako bi vam pru\u017eio sve \u0161to vam je potrebno za udoban i kvalitetan gradski \u017eivot. Ne dozvolite da vam promakne prilika da postanete deo ovog predivnog stambenog prostora. Kontaktirajte nas ve\u0107 danas kako bismo dogovorili obilazak i omogu\u0107ili vam da otkrijete sve \u010dari koje ovaj stan ima da ponudi.<\/p>\t\t\t\t\t<\/div>\n\t\t\t\t\t\t<\/div>\n\t\t\t\t<\/div>\n\t\t\t\t\t\t<\/div>\n\t\t\t\t\t<\/div>\n\t\t<\/div>\n\t\t\t\t<div class=\"elementor-column elementor-col-50 elementor-top-column elementor-element elementor-element-ad3f7ac\" data-id=\"ad3f7ac\" data-element_type=\"column\">\n\t\t\t<div class=\"elementor-column-wrap elementor-element-populated\">\n\t\t\t\t\t\t\t<div class=\"elementor-widget-wrap\">\n\t\t\t\t\t\t<div class=\"elementor-element elementor-element-55be389b elementor-widget elementor-widget-image\" data-id=\"55be389b\" data-element_type=\"widget\" data-widget_type=\"image.default\">\n\t\t\t\t<div class=\"elementor-widget-container\">\n\t\t\t\t\t\t\t\t<div class=\"elementor-image\">\n\t\t\t\t\t\t\t\t\t\t\t\t<img decoding=\"async\" width=\"720\" height=\"541\" src=\"https:\/\/bminvest.rs\/wp-content\/uploads\/2023\/08\/Zike_Ilica_Final_031-1024x769.jpg\" class=\"attachment-large size-large wp-image-1549\" alt=\"\" loading=\"lazy\" srcset=\"https:\/\/bminvest.rs\/wp-content\/uploads\/2023\/08\/Zike_Ilica_Final_031-1024x769.jpg 1024w, https:\/\/bminvest.rs\/wp-content\/uploads\/2023\/08\/Zike_Ilica_Final_031-300x225.jpg 300w, https:\/\/bminvest.rs\/wp-content\/uploads\/2023\/08\/Zike_Ilica_Final_031-768x577.jpg 768w, https:\/\/bminvest.rs\/wp-content\/uploads\/2023\/08\/Zike_Ilica_Final_031.jpg 1200w\" sizes=\"(max-width: 720px) 100vw, 720px\" \/>\t\t\t\t\t\t\t\t\t\t\t\t\t\t<\/div>\n\t\t\t\t\t\t<\/div>\n\t\t\t\t<\/div>\n\t\t\t\t\t\t<\/div>\n\t\t\t\t\t<\/div>\n\t\t<\/div>\n\t\t\t\t\t\t\t\t<\/div>\n\t\t\t\t\t<\/div>\n\t\t<\/section>\n\t\t\t\t<section class=\"elementor-section elementor-top-section elementor-element elementor-element-653c1601 elementor-section-boxed elementor-section-height-default elementor-section-height-default\" data-id=\"653c1601\" data-element_type=\"section\">\n\t\t\t\t\t\t<div class=\"elementor-container elementor-column-gap-default\">\n\t\t\t\t\t\t\t<div class=\"elementor-row\">\n\t\t\t\t\t<div class=\"elementor-column elementor-col-100 elementor-top-column elementor-element elementor-element-17c0e26e\" data-id=\"17c0e26e\" data-element_type=\"column\">\n\t\t\t<div class=\"elementor-column-wrap elementor-element-populated\">\n\t\t\t\t\t\t\t<div class=\"elementor-widget-wrap\">\n\t\t\t\t\t\t<div class=\"elementor-element elementor-element-5ee0f4d9 elementor-widget elementor-widget-image\" data-id=\"5ee0f4d9\" data-element_type=\"widget\" data-widget_type=\"image.default\">\n\t\t\t\t<div class=\"elementor-widget-container\">\n\t\t\t\t\t\t\t\t<div class=\"elementor-image\">\n\t\t\t\t\t\t\t\t\t\t\t\t<img decoding=\"async\" width=\"1200\" height=\"675\" src=\"https:\/\/bminvest.rs\/wp-content\/uploads\/2023\/08\/S11_page-0001-Unnamed-20230601-174155.jpg\" class=\"attachment-full size-full wp-image-1698\" alt=\"\" loading=\"lazy\" srcset=\"https:\/\/bminvest.rs\/wp-content\/uploads\/2023\/08\/S11_page-0001-Unnamed-20230601-174155.jpg 1200w, https:\/\/bminvest.rs\/wp-content\/uploads\/2023\/08\/S11_page-0001-Unnamed-20230601-174155-300x169.jpg 300w, https:\/\/bminvest.rs\/wp-content\/uploads\/2023\/08\/S11_page-0001-Unnamed-20230601-174155-1024x576.jpg 1024w, https:\/\/bminvest.rs\/wp-content\/uploads\/2023\/08\/S11_page-0001-Unnamed-20230601-174155-768x432.jpg 768w\" sizes=\"(max-width: 1200px) 100vw, 1200px\" \/>\t\t\t\t\t\t\t\t\t\t\t\t\t\t<\/div>\n\t\t\t\t\t\t<\/div>\n\t\t\t\t<\/div>\n\t\t\t\t<div class=\"elementor-element elementor-element-43899505 elementor-widget elementor-widget-text-editor\" data-id=\"43899505\" data-element_type=\"widget\" data-widget_type=\"text-editor.default\">\n\t\t\t\t<div class=\"elementor-widget-container\">\n\t\t\t\t\t\t\t\t<div class=\"elementor-text-editor elementor-clearfix\">\n\t\t\t\t<h3>Pridru\u017eite nam se u 3D obilasku<\/h3>\t\t\t\t\t<\/div>\n\t\t\t\t\t\t<\/div>\n\t\t\t\t<\/div>\n\t\t\t\t<div class=\"elementor-element elementor-element-c996864 elementor-widget elementor-widget-text-editor\" data-id=\"c996864\" data-element_type=\"widget\" data-widget_type=\"text-editor.default\">\n\t\t\t\t<div class=\"elementor-widget-container\">\n\t\t\t\t\t\t\t\t<div class=\"elementor-text-editor elementor-clearfix\">\n\t\t\t\t<p>onekad slike ne uspevaju da prenesu istinski ose\u0107aj prostora, ali mi potpuno razumemo koliko je va\u017eno da se ose\u0107ate ispravno u svom novom domu. Da li \u0107e se va\u0161a omiljena ugaona garnitura savr\u0161eno uklopiti? Gde \u0107e prona\u0107i svoje savr\u0161eno mesto dragocena komoda? I odabir izme\u0111u ugradnih i samostoje\u0107ih radnih stolova za decu mo\u017ee biti izazovan.<\/p><p>Zato vas pozivamo da do\u017eivite ose\u0107aj kao da ve\u0107 \u017eivite tu. Istra\u017eite svaki kutak i razmotrite sve mogu\u0107nosti. Na\u0161a svrha je da vam pru\u017eimo potpun uvid kako biste doneli najbolju odluku za svoj novi dom.<\/p><p>Pridru\u017eite nam se u ovoj inovativnoj avanturi i krenite prema stvaranju va\u0161eg sre\u0107nog i udobnog doma!<\/p>\t\t\t\t\t<\/div>\n\t\t\t\t\t\t<\/div>\n\t\t\t\t<\/div>\n\t\t\t\t\t\t<\/div>\n\t\t\t\t\t<\/div>\n\t\t<\/div>\n\t\t\t\t\t\t\t\t<\/div>\n\t\t\t\t\t<\/div>\n\t\t<\/section>\n\t\t\t\t<section class=\"elementor-section elementor-top-section elementor-element elementor-element-7cfc03cb elementor-hidden-desktop elementor-hidden-tablet elementor-hidden-mobile elementor-section-boxed elementor-section-height-default elementor-section-height-default\" data-id=\"7cfc03cb\" data-element_type=\"section\">\n\t\t\t\t\t\t<div class=\"elementor-container elementor-column-gap-default\">\n\t\t\t\t\t\t\t<div class=\"elementor-row\">\n\t\t\t\t\t<div class=\"elementor-column elementor-col-100 elementor-top-column elementor-element elementor-element-231283a8\" data-id=\"231283a8\" data-element_type=\"column\">\n\t\t\t<div class=\"elementor-column-wrap elementor-element-populated\">\n\t\t\t\t\t\t\t<div class=\"elementor-widget-wrap\">\n\t\t\t\t\t\t<div class=\"elementor-element elementor-element-297ebd02 elementor-widget elementor-widget-html\" data-id=\"297ebd02\" data-element_type=\"widget\" data-widget_type=\"html.default\">\n\t\t\t\t<div class=\"elementor-widget-container\">\n\t\t\t<iframe loading=\"lazy\" width=\"750\" height=\"850\" src=\"https:\/\/86su.short.gy\/veidE8\" ><\/iframe>\r\n\t\t<\/div>\n\t\t\t\t<\/div>\n\t\t\t\t\t\t<\/div>\n\t\t\t\t\t<\/div>\n\t\t<\/div>\n\t\t\t\t\t\t\t\t<\/div>\n\t\t\t\t\t<\/div>\n\t\t<\/section>\n\t\t\t\t<section class=\"elementor-section elementor-top-section elementor-element elementor-element-31cdf1d7 elementor-section-boxed elementor-section-height-default elementor-section-height-default\" data-id=\"31cdf1d7\" data-element_type=\"section\">\n\t\t\t\t\t\t<div class=\"elementor-container elementor-column-gap-default\">\n\t\t\t\t\t\t\t<div class=\"elementor-row\">\n\t\t\t\t\t<div class=\"elementor-column elementor-col-100 elementor-top-column elementor-element elementor-element-1b364c0d\" data-id=\"1b364c0d\" data-element_type=\"column\">\n\t\t\t<div class=\"elementor-column-wrap elementor-element-populated\">\n\t\t\t\t\t\t\t<div class=\"elementor-widget-wrap\">\n\t\t\t\t\t\t<div class=\"elementor-element elementor-element-546f9ac8 elementor-widget elementor-widget-text-editor\" data-id=\"546f9ac8\" data-element_type=\"widget\" data-widget_type=\"text-editor.default\">\n\t\t\t\t<div class=\"elementor-widget-container\">\n\t\t\t\t\t\t\t\t<div class=\"elementor-text-editor elementor-clearfix\">\n\t\t\t\t<h3>Galerija<\/h3>\t\t\t\t\t<\/div>\n\t\t\t\t\t\t<\/div>\n\t\t\t\t<\/div>\n\t\t\t\t\t\t<\/div>\n\t\t\t\t\t<\/div>\n\t\t<\/div>\n\t\t\t\t\t\t\t\t<\/div>\n\t\t\t\t\t<\/div>\n\t\t<\/section>\n\t\t\t\t<section class=\"elementor-section elementor-top-section elementor-element elementor-element-400dc94d elementor-section-boxed elementor-section-height-default elementor-section-height-default\" data-id=\"400dc94d\" data-element_type=\"section\">\n\t\t\t\t\t\t<div class=\"elementor-container elementor-column-gap-default\">\n\t\t\t\t\t\t\t<div class=\"elementor-row\">\n\t\t\t\t\t<div class=\"elementor-column elementor-col-100 elementor-top-column elementor-element elementor-element-725f4b81\" data-id=\"725f4b81\" data-element_type=\"column\">\n\t\t\t<div class=\"elementor-column-wrap elementor-element-populated\">\n\t\t\t\t\t\t\t<div class=\"elementor-widget-wrap\">\n\t\t\t\t\t\t<div class=\"elementor-element elementor-element-413d4c18 gallery-spacing-custom elementor-widget elementor-widget-image-gallery\" data-id=\"413d4c18\" data-element_type=\"widget\" data-widget_type=\"image-gallery.default\">\n\t\t\t\t<div class=\"elementor-widget-container\">\n\t\t\t\t\t<div class=\"elementor-image-gallery\">\n\t\t\t<div id='gallery-1' class='gallery galleryid-1695 gallery-columns-3 gallery-size-medium_large'><figure class='gallery-item'>\n\t\t\t<div class='gallery-icon landscape'>\n\t\t\t\t<a  href='https:\/\/bminvest.rs\/wp-content\/uploads\/2023\/08\/S11_page-0001-Dnevni-boravak-2-9-20230601-182151.jpg' data-lightbox=\"gal[1695]\"><img width=\"720\" height=\"405\" src=\"https:\/\/bminvest.rs\/wp-content\/uploads\/2023\/08\/S11_page-0001-Dnevni-boravak-2-9-20230601-182151-768x432.jpg\" class=\"attachment-medium_large size-medium_large\" alt=\"\" decoding=\"async\" loading=\"lazy\" srcset=\"https:\/\/bminvest.rs\/wp-content\/uploads\/2023\/08\/S11_page-0001-Dnevni-boravak-2-9-20230601-182151-768x432.jpg 768w, https:\/\/bminvest.rs\/wp-content\/uploads\/2023\/08\/S11_page-0001-Dnevni-boravak-2-9-20230601-182151-300x169.jpg 300w, https:\/\/bminvest.rs\/wp-content\/uploads\/2023\/08\/S11_page-0001-Dnevni-boravak-2-9-20230601-182151-1024x576.jpg 1024w, https:\/\/bminvest.rs\/wp-content\/uploads\/2023\/08\/S11_page-0001-Dnevni-boravak-2-9-20230601-182151.jpg 1200w\" sizes=\"(max-width: 720px) 100vw, 720px\" \/><\/a>\n\t\t\t<\/div><\/figure><figure class='gallery-item'>\n\t\t\t<div class='gallery-icon landscape'>\n\t\t\t\t<a  href='https:\/\/bminvest.rs\/wp-content\/uploads\/2023\/08\/S11_page-0001-Dnevni-boravak-1-10-20230601-182151.jpg' data-lightbox=\"gal[1695]\"><img width=\"720\" height=\"405\" src=\"https:\/\/bminvest.rs\/wp-content\/uploads\/2023\/08\/S11_page-0001-Dnevni-boravak-1-10-20230601-182151-768x432.jpg\" class=\"attachment-medium_large size-medium_large\" alt=\"\" decoding=\"async\" loading=\"lazy\" srcset=\"https:\/\/bminvest.rs\/wp-content\/uploads\/2023\/08\/S11_page-0001-Dnevni-boravak-1-10-20230601-182151-768x432.jpg 768w, https:\/\/bminvest.rs\/wp-content\/uploads\/2023\/08\/S11_page-0001-Dnevni-boravak-1-10-20230601-182151-300x169.jpg 300w, https:\/\/bminvest.rs\/wp-content\/uploads\/2023\/08\/S11_page-0001-Dnevni-boravak-1-10-20230601-182151-1024x576.jpg 1024w, https:\/\/bminvest.rs\/wp-content\/uploads\/2023\/08\/S11_page-0001-Dnevni-boravak-1-10-20230601-182151.jpg 1200w\" sizes=\"(max-width: 720px) 100vw, 720px\" \/><\/a>\n\t\t\t<\/div><\/figure><figure class='gallery-item'>\n\t\t\t<div class='gallery-icon landscape'>\n\t\t\t\t<a  href='https:\/\/bminvest.rs\/wp-content\/uploads\/2023\/08\/S11_page-0001-Dnevni-boravak-3-8-20230601-182151.jpg' data-lightbox=\"gal[1695]\"><img width=\"720\" height=\"405\" src=\"https:\/\/bminvest.rs\/wp-content\/uploads\/2023\/08\/S11_page-0001-Dnevni-boravak-3-8-20230601-182151-768x432.jpg\" class=\"attachment-medium_large size-medium_large\" alt=\"\" decoding=\"async\" loading=\"lazy\" srcset=\"https:\/\/bminvest.rs\/wp-content\/uploads\/2023\/08\/S11_page-0001-Dnevni-boravak-3-8-20230601-182151-768x432.jpg 768w, https:\/\/bminvest.rs\/wp-content\/uploads\/2023\/08\/S11_page-0001-Dnevni-boravak-3-8-20230601-182151-300x169.jpg 300w, https:\/\/bminvest.rs\/wp-content\/uploads\/2023\/08\/S11_page-0001-Dnevni-boravak-3-8-20230601-182151-1024x576.jpg 1024w, https:\/\/bminvest.rs\/wp-content\/uploads\/2023\/08\/S11_page-0001-Dnevni-boravak-3-8-20230601-182151.jpg 1200w\" sizes=\"(max-width: 720px) 100vw, 720px\" \/><\/a>\n\t\t\t<\/div><\/figure><figure class='gallery-item'>\n\t\t\t<div class='gallery-icon landscape'>\n\t\t\t\t<a  href='https:\/\/bminvest.rs\/wp-content\/uploads\/2023\/08\/S11_page-0001-Kuhinja-1-1-20230601-182151.jpg' data-lightbox=\"gal[1695]\"><img width=\"720\" height=\"405\" src=\"https:\/\/bminvest.rs\/wp-content\/uploads\/2023\/08\/S11_page-0001-Kuhinja-1-1-20230601-182151-768x432.jpg\" class=\"attachment-medium_large size-medium_large\" alt=\"\" decoding=\"async\" loading=\"lazy\" srcset=\"https:\/\/bminvest.rs\/wp-content\/uploads\/2023\/08\/S11_page-0001-Kuhinja-1-1-20230601-182151-768x432.jpg 768w, https:\/\/bminvest.rs\/wp-content\/uploads\/2023\/08\/S11_page-0001-Kuhinja-1-1-20230601-182151-300x169.jpg 300w, https:\/\/bminvest.rs\/wp-content\/uploads\/2023\/08\/S11_page-0001-Kuhinja-1-1-20230601-182151-1024x576.jpg 1024w, https:\/\/bminvest.rs\/wp-content\/uploads\/2023\/08\/S11_page-0001-Kuhinja-1-1-20230601-182151.jpg 1200w\" sizes=\"(max-width: 720px) 100vw, 720px\" \/><\/a>\n\t\t\t<\/div><\/figure><figure class='gallery-item'>\n\t\t\t<div class='gallery-icon landscape'>\n\t\t\t\t<a  href='https:\/\/bminvest.rs\/wp-content\/uploads\/2023\/08\/S11_page-0001-Kuhinja-2-0-20230601-182151.jpg' data-lightbox=\"gal[1695]\"><img width=\"720\" height=\"405\" src=\"https:\/\/bminvest.rs\/wp-content\/uploads\/2023\/08\/S11_page-0001-Kuhinja-2-0-20230601-182151-768x432.jpg\" class=\"attachment-medium_large size-medium_large\" alt=\"\" decoding=\"async\" loading=\"lazy\" srcset=\"https:\/\/bminvest.rs\/wp-content\/uploads\/2023\/08\/S11_page-0001-Kuhinja-2-0-20230601-182151-768x432.jpg 768w, https:\/\/bminvest.rs\/wp-content\/uploads\/2023\/08\/S11_page-0001-Kuhinja-2-0-20230601-182151-300x169.jpg 300w, https:\/\/bminvest.rs\/wp-content\/uploads\/2023\/08\/S11_page-0001-Kuhinja-2-0-20230601-182151-1024x576.jpg 1024w, https:\/\/bminvest.rs\/wp-content\/uploads\/2023\/08\/S11_page-0001-Kuhinja-2-0-20230601-182151.jpg 1200w\" sizes=\"(max-width: 720px) 100vw, 720px\" \/><\/a>\n\t\t\t<\/div><\/figure><figure class='gallery-item'>\n\t\t\t<div class='gallery-icon landscape'>\n\t\t\t\t<a  href='https:\/\/bminvest.rs\/wp-content\/uploads\/2023\/08\/S11_page-0001-Kupatilo-1-5-20230601-182151.jpg' data-lightbox=\"gal[1695]\"><img width=\"720\" height=\"405\" src=\"https:\/\/bminvest.rs\/wp-content\/uploads\/2023\/08\/S11_page-0001-Kupatilo-1-5-20230601-182151-768x432.jpg\" class=\"attachment-medium_large size-medium_large\" alt=\"\" decoding=\"async\" loading=\"lazy\" srcset=\"https:\/\/bminvest.rs\/wp-content\/uploads\/2023\/08\/S11_page-0001-Kupatilo-1-5-20230601-182151-768x432.jpg 768w, https:\/\/bminvest.rs\/wp-content\/uploads\/2023\/08\/S11_page-0001-Kupatilo-1-5-20230601-182151-300x169.jpg 300w, https:\/\/bminvest.rs\/wp-content\/uploads\/2023\/08\/S11_page-0001-Kupatilo-1-5-20230601-182151-1024x576.jpg 1024w, https:\/\/bminvest.rs\/wp-content\/uploads\/2023\/08\/S11_page-0001-Kupatilo-1-5-20230601-182151.jpg 1200w\" sizes=\"(max-width: 720px) 100vw, 720px\" \/><\/a>\n\t\t\t<\/div><\/figure><figure class='gallery-item'>\n\t\t\t<div class='gallery-icon landscape'>\n\t\t\t\t<a  href='https:\/\/bminvest.rs\/wp-content\/uploads\/2023\/08\/S11_page-0001-Kupatilo-2-4-20230601-182151.jpg' data-lightbox=\"gal[1695]\"><img width=\"720\" height=\"405\" src=\"https:\/\/bminvest.rs\/wp-content\/uploads\/2023\/08\/S11_page-0001-Kupatilo-2-4-20230601-182151-768x432.jpg\" class=\"attachment-medium_large size-medium_large\" alt=\"\" decoding=\"async\" loading=\"lazy\" srcset=\"https:\/\/bminvest.rs\/wp-content\/uploads\/2023\/08\/S11_page-0001-Kupatilo-2-4-20230601-182151-768x432.jpg 768w, https:\/\/bminvest.rs\/wp-content\/uploads\/2023\/08\/S11_page-0001-Kupatilo-2-4-20230601-182151-300x169.jpg 300w, https:\/\/bminvest.rs\/wp-content\/uploads\/2023\/08\/S11_page-0001-Kupatilo-2-4-20230601-182151-1024x576.jpg 1024w, https:\/\/bminvest.rs\/wp-content\/uploads\/2023\/08\/S11_page-0001-Kupatilo-2-4-20230601-182151.jpg 1200w\" sizes=\"(max-width: 720px) 100vw, 720px\" \/><\/a>\n\t\t\t<\/div><\/figure><figure class='gallery-item'>\n\t\t\t<div class='gallery-icon landscape'>\n\t\t\t\t<a  href='https:\/\/bminvest.rs\/wp-content\/uploads\/2023\/08\/S11_page-0001-Mala-soba-1-7-20230601-182151.jpg' data-lightbox=\"gal[1695]\"><img width=\"720\" height=\"405\" src=\"https:\/\/bminvest.rs\/wp-content\/uploads\/2023\/08\/S11_page-0001-Mala-soba-1-7-20230601-182151-768x432.jpg\" class=\"attachment-medium_large size-medium_large\" alt=\"\" decoding=\"async\" loading=\"lazy\" srcset=\"https:\/\/bminvest.rs\/wp-content\/uploads\/2023\/08\/S11_page-0001-Mala-soba-1-7-20230601-182151-768x432.jpg 768w, https:\/\/bminvest.rs\/wp-content\/uploads\/2023\/08\/S11_page-0001-Mala-soba-1-7-20230601-182151-300x169.jpg 300w, https:\/\/bminvest.rs\/wp-content\/uploads\/2023\/08\/S11_page-0001-Mala-soba-1-7-20230601-182151-1024x576.jpg 1024w, https:\/\/bminvest.rs\/wp-content\/uploads\/2023\/08\/S11_page-0001-Mala-soba-1-7-20230601-182151.jpg 1200w\" sizes=\"(max-width: 720px) 100vw, 720px\" \/><\/a>\n\t\t\t<\/div><\/figure><figure class='gallery-item'>\n\t\t\t<div class='gallery-icon landscape'>\n\t\t\t\t<a  href='https:\/\/bminvest.rs\/wp-content\/uploads\/2023\/08\/S11_page-0001-Mala-soba-2-3-20230601-182151.jpg' data-lightbox=\"gal[1695]\"><img width=\"720\" height=\"405\" src=\"https:\/\/bminvest.rs\/wp-content\/uploads\/2023\/08\/S11_page-0001-Mala-soba-2-3-20230601-182151-768x432.jpg\" class=\"attachment-medium_large size-medium_large\" alt=\"\" decoding=\"async\" loading=\"lazy\" srcset=\"https:\/\/bminvest.rs\/wp-content\/uploads\/2023\/08\/S11_page-0001-Mala-soba-2-3-20230601-182151-768x432.jpg 768w, https:\/\/bminvest.rs\/wp-content\/uploads\/2023\/08\/S11_page-0001-Mala-soba-2-3-20230601-182151-300x169.jpg 300w, https:\/\/bminvest.rs\/wp-content\/uploads\/2023\/08\/S11_page-0001-Mala-soba-2-3-20230601-182151-1024x576.jpg 1024w, https:\/\/bminvest.rs\/wp-content\/uploads\/2023\/08\/S11_page-0001-Mala-soba-2-3-20230601-182151.jpg 1200w\" sizes=\"(max-width: 720px) 100vw, 720px\" \/><\/a>\n\t\t\t<\/div><\/figure><figure class='gallery-item'>\n\t\t\t<div class='gallery-icon landscape'>\n\t\t\t\t<a  href='https:\/\/bminvest.rs\/wp-content\/uploads\/2023\/08\/S11_page-0001-Spavaca-soba-1-6-20230601-182151.jpg' data-lightbox=\"gal[1695]\"><img width=\"720\" height=\"405\" src=\"https:\/\/bminvest.rs\/wp-content\/uploads\/2023\/08\/S11_page-0001-Spavaca-soba-1-6-20230601-182151-768x432.jpg\" class=\"attachment-medium_large size-medium_large\" alt=\"\" decoding=\"async\" loading=\"lazy\" srcset=\"https:\/\/bminvest.rs\/wp-content\/uploads\/2023\/08\/S11_page-0001-Spavaca-soba-1-6-20230601-182151-768x432.jpg 768w, https:\/\/bminvest.rs\/wp-content\/uploads\/2023\/08\/S11_page-0001-Spavaca-soba-1-6-20230601-182151-300x169.jpg 300w, https:\/\/bminvest.rs\/wp-content\/uploads\/2023\/08\/S11_page-0001-Spavaca-soba-1-6-20230601-182151-1024x576.jpg 1024w, https:\/\/bminvest.rs\/wp-content\/uploads\/2023\/08\/S11_page-0001-Spavaca-soba-1-6-20230601-182151.jpg 1200w\" sizes=\"(max-width: 720px) 100vw, 720px\" \/><\/a>\n\t\t\t<\/div><\/figure><figure class='gallery-item'>\n\t\t\t<div class='gallery-icon landscape'>\n\t\t\t\t<a  href='https:\/\/bminvest.rs\/wp-content\/uploads\/2023\/08\/S11_page-0001-Spavaca-soba-2-2-20230601-182151.jpg' data-lightbox=\"gal[1695]\"><img width=\"720\" height=\"405\" src=\"https:\/\/bminvest.rs\/wp-content\/uploads\/2023\/08\/S11_page-0001-Spavaca-soba-2-2-20230601-182151-768x432.jpg\" class=\"attachment-medium_large size-medium_large\" alt=\"\" decoding=\"async\" loading=\"lazy\" srcset=\"https:\/\/bminvest.rs\/wp-content\/uploads\/2023\/08\/S11_page-0001-Spavaca-soba-2-2-20230601-182151-768x432.jpg 768w, https:\/\/bminvest.rs\/wp-content\/uploads\/2023\/08\/S11_page-0001-Spavaca-soba-2-2-20230601-182151-300x169.jpg 300w, https:\/\/bminvest.rs\/wp-content\/uploads\/2023\/08\/S11_page-0001-Spavaca-soba-2-2-20230601-182151-1024x576.jpg 1024w, https:\/\/bminvest.rs\/wp-content\/uploads\/2023\/08\/S11_page-0001-Spavaca-soba-2-2-20230601-182151.jpg 1200w\" sizes=\"(max-width: 720px) 100vw, 720px\" \/><\/a>\n\t\t\t<\/div><\/figure>\n\t\t<\/div>\n\t\t<\/div>\n\t\t\t\t<\/div>\n\t\t\t\t<\/div>\n\t\t\t\t\t\t<\/div>\n\t\t\t\t\t<\/div>\n\t\t<\/div>\n\t\t\t\t\t\t\t\t<\/div>\n\t\t\t\t\t<\/div>\n\t\t<\/section>\n\t\t\t\t\t\t\t\t\t<\/div>\n\t\t\t<\/div>\n\t\t\t\t\t<\/div>\n\t\t","protected":false},"excerpt":{"rendered":"<p>Tip stana 5 O\u010daravaju\u0107i Stan koji pleni udobno\u0161\u0107u i \u0161armom \u010deka da vas osvoji. Sme\u0161ten u mirnom delu grada, nude\u0107i savr\u0161enu ravnote\u017eu izme\u0111u urbanog pulsa i li\u010dne privatnosti. Njegova idealna lokacija omogu\u0107ava vam brz i lak pristup svim delovima grada. Stan je osmi\u0161ljen kako bi vam pru\u017eio sve \u0161to vam je potrebno za udoban i [&hellip;]<\/p>\n","protected":false},"author":1,"featured_media":0,"parent":0,"menu_order":0,"comment_status":"closed","ping_status":"closed","template":"template-fullwidth.php","meta":[],"_links":{"self":[{"href":"https:\/\/bminvest.rs\/index.php\/wp-json\/wp\/v2\/pages\/1695"}],"collection":[{"href":"https:\/\/bminvest.rs\/index.php\/wp-json\/wp\/v2\/pages"}],"about":[{"href":"https:\/\/bminvest.rs\/index.php\/wp-json\/wp\/v2\/types\/page"}],"author":[{"embeddable":true,"href":"https:\/\/bminvest.rs\/index.php\/wp-json\/wp\/v2\/users\/1"}],"replies":[{"embeddable":true,"href":"https:\/\/bminvest.rs\/index.php\/wp-json\/wp\/v2\/comments?post=1695"}],"version-history":[{"count":18,"href":"https:\/\/bminvest.rs\/index.php\/wp-json\/wp\/v2\/pages\/1695\/revisions"}],"predecessor-version":[{"id":1883,"href":"https:\/\/bminvest.rs\/index.php\/wp-json\/wp\/v2\/pages\/1695\/revisions\/1883"}],"wp:attachment":[{"href":"https:\/\/bminvest.rs\/index.php\/wp-json\/wp\/v2\/media?parent=1695"}],"curies":[{"name":"wp","href":"https:\/\/api.w.org\/{rel}","templated":true}]}}