{"id":1657,"date":"2023-08-03T17:35:19","date_gmt":"2023-08-03T17:35:19","guid":{"rendered":"https:\/\/bminvest.rs\/?page_id=1657"},"modified":"2024-03-30T19:35:19","modified_gmt":"2024-03-30T19:35:19","slug":"tip-stana-4","status":"publish","type":"page","link":"https:\/\/bminvest.rs\/index.php\/tip-stana-4\/","title":{"rendered":"Tip stana 4"},"content":{"rendered":"\t\t<div data-elementor-type=\"wp-page\" data-elementor-id=\"1657\" class=\"elementor elementor-1657\">\n\t\t\t\t\t\t<div class=\"elementor-inner\">\n\t\t\t\t<div class=\"elementor-section-wrap\">\n\t\t\t\t\t\t\t\t\t<section class=\"elementor-section elementor-top-section elementor-element elementor-element-27e1d48e elementor-section-boxed elementor-section-height-default elementor-section-height-default\" data-id=\"27e1d48e\" data-element_type=\"section\">\n\t\t\t\t\t\t<div class=\"elementor-container elementor-column-gap-default\">\n\t\t\t\t\t\t\t<div class=\"elementor-row\">\n\t\t\t\t\t<div class=\"elementor-column elementor-col-50 elementor-top-column elementor-element elementor-element-5f2d5422\" data-id=\"5f2d5422\" data-element_type=\"column\">\n\t\t\t<div class=\"elementor-column-wrap elementor-element-populated\">\n\t\t\t\t\t\t\t<div class=\"elementor-widget-wrap\">\n\t\t\t\t\t\t<div class=\"elementor-element elementor-element-21e22486 elementor-widget elementor-widget-text-editor\" data-id=\"21e22486\" data-element_type=\"widget\" data-widget_type=\"text-editor.default\">\n\t\t\t\t<div class=\"elementor-widget-container\">\n\t\t\t\t\t\t\t\t<div class=\"elementor-text-editor elementor-clearfix\">\n\t\t\t\t<h3 style=\"text-align: left;\">Tip stana 4<\/h3>\t\t\t\t\t<\/div>\n\t\t\t\t\t\t<\/div>\n\t\t\t\t<\/div>\n\t\t\t\t<div class=\"elementor-element elementor-element-2d267397 elementor-widget-divider--view-line elementor-invisible elementor-widget elementor-widget-divider\" data-id=\"2d267397\" data-element_type=\"widget\" data-settings=\"{&quot;_animation&quot;:&quot;slideInLeft&quot;}\" data-widget_type=\"divider.default\">\n\t\t\t\t<div class=\"elementor-widget-container\">\n\t\t\t\t\t<div class=\"elementor-divider\">\n\t\t\t<span class=\"elementor-divider-separator\">\n\t\t\t\t\t\t<\/span>\n\t\t<\/div>\n\t\t\t\t<\/div>\n\t\t\t\t<\/div>\n\t\t\t\t<div class=\"elementor-element elementor-element-784d2bd4 elementor-widget elementor-widget-text-editor\" data-id=\"784d2bd4\" data-element_type=\"widget\" data-widget_type=\"text-editor.default\">\n\t\t\t\t<div class=\"elementor-widget-container\">\n\t\t\t\t\t\t\t\t<div class=\"elementor-text-editor elementor-clearfix\">\n\t\t\t\t<p>Dobrodo\u0161li na nezaboravno putovanje ka va\u0161em sre\u0107nom i udobnom domu! Shvatamo da slike ponekad ne mogu do\u010darati pravi ose\u0107aj prostora, ali va\u0161 ose\u0107aj kod ku\u0107e je na\u0161 prioritet.<\/p><p>Postavljanje omiljene ugaone garniture, pronala\u017eenje savr\u0161enog mesta za dragocenu komodu i odabir izme\u0111u ugradnih i samostoje\u0107ih radnih stolova za decu su klju\u010dni koraci u dono\u0161enju najbolje odluke.<\/p>\t\t\t\t\t<\/div>\n\t\t\t\t\t\t<\/div>\n\t\t\t\t<\/div>\n\t\t\t\t\t\t<\/div>\n\t\t\t\t\t<\/div>\n\t\t<\/div>\n\t\t\t\t<div class=\"elementor-column elementor-col-50 elementor-top-column elementor-element elementor-element-4703da9e\" data-id=\"4703da9e\" data-element_type=\"column\">\n\t\t\t<div class=\"elementor-column-wrap elementor-element-populated\">\n\t\t\t\t\t\t\t<div class=\"elementor-widget-wrap\">\n\t\t\t\t\t\t<div class=\"elementor-element elementor-element-5726eb29 elementor-widget elementor-widget-image\" data-id=\"5726eb29\" data-element_type=\"widget\" data-widget_type=\"image.default\">\n\t\t\t\t<div class=\"elementor-widget-container\">\n\t\t\t\t\t\t\t\t<div class=\"elementor-image\">\n\t\t\t\t\t\t\t\t\t\t\t\t<img decoding=\"async\" width=\"720\" height=\"540\" src=\"https:\/\/bminvest.rs\/wp-content\/uploads\/2023\/08\/Zike_Ilica_Final_021-1024x768.jpg\" class=\"attachment-large size-large wp-image-1630\" alt=\"\" loading=\"lazy\" srcset=\"https:\/\/bminvest.rs\/wp-content\/uploads\/2023\/08\/Zike_Ilica_Final_021-1024x768.jpg 1024w, https:\/\/bminvest.rs\/wp-content\/uploads\/2023\/08\/Zike_Ilica_Final_021-300x225.jpg 300w, https:\/\/bminvest.rs\/wp-content\/uploads\/2023\/08\/Zike_Ilica_Final_021-768x576.jpg 768w, https:\/\/bminvest.rs\/wp-content\/uploads\/2023\/08\/Zike_Ilica_Final_021.jpg 1200w\" sizes=\"(max-width: 720px) 100vw, 720px\" \/>\t\t\t\t\t\t\t\t\t\t\t\t\t\t<\/div>\n\t\t\t\t\t\t<\/div>\n\t\t\t\t<\/div>\n\t\t\t\t\t\t<\/div>\n\t\t\t\t\t<\/div>\n\t\t<\/div>\n\t\t\t\t\t\t\t\t<\/div>\n\t\t\t\t\t<\/div>\n\t\t<\/section>\n\t\t\t\t<section class=\"elementor-section elementor-top-section elementor-element elementor-element-56079552 elementor-section-boxed elementor-section-height-default elementor-section-height-default\" data-id=\"56079552\" data-element_type=\"section\">\n\t\t\t\t\t\t<div class=\"elementor-container elementor-column-gap-default\">\n\t\t\t\t\t\t\t<div class=\"elementor-row\">\n\t\t\t\t\t<div class=\"elementor-column elementor-col-100 elementor-top-column elementor-element elementor-element-3365a1ed\" data-id=\"3365a1ed\" data-element_type=\"column\">\n\t\t\t<div class=\"elementor-column-wrap elementor-element-populated\">\n\t\t\t\t\t\t\t<div class=\"elementor-widget-wrap\">\n\t\t\t\t\t\t<div class=\"elementor-element elementor-element-3c8910ad elementor-widget elementor-widget-image\" data-id=\"3c8910ad\" data-element_type=\"widget\" data-widget_type=\"image.default\">\n\t\t\t\t<div class=\"elementor-widget-container\">\n\t\t\t\t\t\t\t\t<div class=\"elementor-image\">\n\t\t\t\t\t\t\t\t\t\t\t\t<img decoding=\"async\" width=\"1200\" height=\"900\" src=\"https:\/\/bminvest.rs\/wp-content\/uploads\/2023\/08\/stan-10-3D-Floor-plan-20230601-172344.jpg\" class=\"attachment-full size-full wp-image-1660\" alt=\"\" loading=\"lazy\" srcset=\"https:\/\/bminvest.rs\/wp-content\/uploads\/2023\/08\/stan-10-3D-Floor-plan-20230601-172344.jpg 1200w, https:\/\/bminvest.rs\/wp-content\/uploads\/2023\/08\/stan-10-3D-Floor-plan-20230601-172344-300x225.jpg 300w, https:\/\/bminvest.rs\/wp-content\/uploads\/2023\/08\/stan-10-3D-Floor-plan-20230601-172344-1024x768.jpg 1024w, https:\/\/bminvest.rs\/wp-content\/uploads\/2023\/08\/stan-10-3D-Floor-plan-20230601-172344-768x576.jpg 768w\" sizes=\"(max-width: 1200px) 100vw, 1200px\" \/>\t\t\t\t\t\t\t\t\t\t\t\t\t\t<\/div>\n\t\t\t\t\t\t<\/div>\n\t\t\t\t<\/div>\n\t\t\t\t<div class=\"elementor-element elementor-element-7a6d61da elementor-widget elementor-widget-text-editor\" data-id=\"7a6d61da\" data-element_type=\"widget\" data-widget_type=\"text-editor.default\">\n\t\t\t\t<div class=\"elementor-widget-container\">\n\t\t\t\t\t\t\t\t<div class=\"elementor-text-editor elementor-clearfix\">\n\t\t\t\t<h3>U\u0111ite u 3d svaki kutak, osetite svaki prostor i istra\u017eite sve mogu\u0107nosti.<\/h3>\t\t\t\t\t<\/div>\n\t\t\t\t\t\t<\/div>\n\t\t\t\t<\/div>\n\t\t\t\t<div class=\"elementor-element elementor-element-53d7708c elementor-widget elementor-widget-text-editor\" data-id=\"53d7708c\" data-element_type=\"widget\" data-widget_type=\"text-editor.default\">\n\t\t\t\t<div class=\"elementor-widget-container\">\n\t\t\t\t\t\t\t\t<div class=\"elementor-text-editor elementor-clearfix\">\n\t\t\t\t<p>Slike ponekad ne mogu preneti istinski ose\u0107aj prostora, ali mi shvatamo koliko je va\u017eno da se ose\u0107ate kao kod ku\u0107e u svom novom domu. Postavljanje omiljene ugaone garniture, pronala\u017eenje savr\u0161enog mesta za va\u0161u dragocenu komodu i dono\u0161enje odluke izme\u0111u ugradnih i samostoje\u0107ih radnih stolova za decu &#8211; sve su to presudni koraci u dono\u0161enju najbolje odluke.<\/p><p>Zato vam pru\u017eamo izuzetnu mogu\u0107nost &#8211; 3D obilazak va\u0161eg budu\u0107eg stana! Zakora\u010dite u svaki kutak, osetite svaki detalj i istra\u017eite sve opcije. Na\u0161 cilj je da vam omogu\u0107imo potpun uvid kako biste doneli najbolju odluku za va\u0161 novi dom.<\/p>\t\t\t\t\t<\/div>\n\t\t\t\t\t\t<\/div>\n\t\t\t\t<\/div>\n\t\t\t\t\t\t<\/div>\n\t\t\t\t\t<\/div>\n\t\t<\/div>\n\t\t\t\t\t\t\t\t<\/div>\n\t\t\t\t\t<\/div>\n\t\t<\/section>\n\t\t\t\t<section class=\"elementor-section elementor-top-section elementor-element elementor-element-4627da7a elementor-hidden-desktop elementor-hidden-tablet elementor-hidden-mobile elementor-section-boxed elementor-section-height-default elementor-section-height-default\" data-id=\"4627da7a\" data-element_type=\"section\">\n\t\t\t\t\t\t<div class=\"elementor-container elementor-column-gap-default\">\n\t\t\t\t\t\t\t<div class=\"elementor-row\">\n\t\t\t\t\t<div class=\"elementor-column elementor-col-100 elementor-top-column elementor-element elementor-element-3b24bbc0\" data-id=\"3b24bbc0\" data-element_type=\"column\">\n\t\t\t<div class=\"elementor-column-wrap elementor-element-populated\">\n\t\t\t\t\t\t\t<div class=\"elementor-widget-wrap\">\n\t\t\t\t\t\t<div class=\"elementor-element elementor-element-79d0e182 elementor-widget elementor-widget-html\" data-id=\"79d0e182\" data-element_type=\"widget\" data-widget_type=\"html.default\">\n\t\t\t\t<div class=\"elementor-widget-container\">\n\t\t\t<iframe loading=\"lazy\" width=\"750\" height=\"850\" src=\"https:\/\/86su.short.gy\/FcI9Yb\" ><\/iframe>\r\n\t\t<\/div>\n\t\t\t\t<\/div>\n\t\t\t\t\t\t<\/div>\n\t\t\t\t\t<\/div>\n\t\t<\/div>\n\t\t\t\t\t\t\t\t<\/div>\n\t\t\t\t\t<\/div>\n\t\t<\/section>\n\t\t\t\t<section class=\"elementor-section elementor-top-section elementor-element elementor-element-3ef8b7f elementor-section-boxed elementor-section-height-default elementor-section-height-default\" data-id=\"3ef8b7f\" data-element_type=\"section\">\n\t\t\t\t\t\t<div class=\"elementor-container elementor-column-gap-default\">\n\t\t\t\t\t\t\t<div class=\"elementor-row\">\n\t\t\t\t\t<div class=\"elementor-column elementor-col-100 elementor-top-column elementor-element elementor-element-7dd8eb12\" data-id=\"7dd8eb12\" data-element_type=\"column\">\n\t\t\t<div class=\"elementor-column-wrap elementor-element-populated\">\n\t\t\t\t\t\t\t<div class=\"elementor-widget-wrap\">\n\t\t\t\t\t\t<div class=\"elementor-element elementor-element-131a4f42 elementor-widget elementor-widget-text-editor\" data-id=\"131a4f42\" data-element_type=\"widget\" data-widget_type=\"text-editor.default\">\n\t\t\t\t<div class=\"elementor-widget-container\">\n\t\t\t\t\t\t\t\t<div class=\"elementor-text-editor elementor-clearfix\">\n\t\t\t\t<h3>Galerija<\/h3>\t\t\t\t\t<\/div>\n\t\t\t\t\t\t<\/div>\n\t\t\t\t<\/div>\n\t\t\t\t\t\t<\/div>\n\t\t\t\t\t<\/div>\n\t\t<\/div>\n\t\t\t\t\t\t\t\t<\/div>\n\t\t\t\t\t<\/div>\n\t\t<\/section>\n\t\t\t\t<section class=\"elementor-section elementor-top-section elementor-element elementor-element-71870aef elementor-section-boxed elementor-section-height-default elementor-section-height-default\" data-id=\"71870aef\" data-element_type=\"section\">\n\t\t\t\t\t\t<div class=\"elementor-container elementor-column-gap-default\">\n\t\t\t\t\t\t\t<div class=\"elementor-row\">\n\t\t\t\t\t<div class=\"elementor-column elementor-col-100 elementor-top-column elementor-element elementor-element-60671bd8\" data-id=\"60671bd8\" data-element_type=\"column\">\n\t\t\t<div class=\"elementor-column-wrap elementor-element-populated\">\n\t\t\t\t\t\t\t<div class=\"elementor-widget-wrap\">\n\t\t\t\t\t\t<div class=\"elementor-element elementor-element-16b5ce0d gallery-spacing-custom elementor-widget elementor-widget-image-gallery\" data-id=\"16b5ce0d\" data-element_type=\"widget\" data-widget_type=\"image-gallery.default\">\n\t\t\t\t<div class=\"elementor-widget-container\">\n\t\t\t\t\t<div class=\"elementor-image-gallery\">\n\t\t\t<div id='gallery-1' class='gallery galleryid-1657 gallery-columns-3 gallery-size-medium_large'><figure class='gallery-item'>\n\t\t\t<div class='gallery-icon landscape'>\n\t\t\t\t<a  href='https:\/\/bminvest.rs\/wp-content\/uploads\/2023\/08\/stan-10-dnevna-1-2-20230601-172133.jpg' data-lightbox=\"gal[1657]\"><img width=\"720\" height=\"405\" src=\"https:\/\/bminvest.rs\/wp-content\/uploads\/2023\/08\/stan-10-dnevna-1-2-20230601-172133-768x432.jpg\" class=\"attachment-medium_large size-medium_large\" alt=\"\" decoding=\"async\" loading=\"lazy\" srcset=\"https:\/\/bminvest.rs\/wp-content\/uploads\/2023\/08\/stan-10-dnevna-1-2-20230601-172133-768x432.jpg 768w, https:\/\/bminvest.rs\/wp-content\/uploads\/2023\/08\/stan-10-dnevna-1-2-20230601-172133-300x169.jpg 300w, https:\/\/bminvest.rs\/wp-content\/uploads\/2023\/08\/stan-10-dnevna-1-2-20230601-172133-1024x576.jpg 1024w, https:\/\/bminvest.rs\/wp-content\/uploads\/2023\/08\/stan-10-dnevna-1-2-20230601-172133.jpg 1200w\" sizes=\"(max-width: 720px) 100vw, 720px\" \/><\/a>\n\t\t\t<\/div><\/figure><figure class='gallery-item'>\n\t\t\t<div class='gallery-icon landscape'>\n\t\t\t\t<a  href='https:\/\/bminvest.rs\/wp-content\/uploads\/2023\/08\/stan-10-dnevna-2-1-20230601-172132.jpg' data-lightbox=\"gal[1657]\"><img width=\"720\" height=\"405\" src=\"https:\/\/bminvest.rs\/wp-content\/uploads\/2023\/08\/stan-10-dnevna-2-1-20230601-172132-768x432.jpg\" class=\"attachment-medium_large size-medium_large\" alt=\"\" decoding=\"async\" loading=\"lazy\" srcset=\"https:\/\/bminvest.rs\/wp-content\/uploads\/2023\/08\/stan-10-dnevna-2-1-20230601-172132-768x432.jpg 768w, https:\/\/bminvest.rs\/wp-content\/uploads\/2023\/08\/stan-10-dnevna-2-1-20230601-172132-300x169.jpg 300w, https:\/\/bminvest.rs\/wp-content\/uploads\/2023\/08\/stan-10-dnevna-2-1-20230601-172132-1024x576.jpg 1024w, https:\/\/bminvest.rs\/wp-content\/uploads\/2023\/08\/stan-10-dnevna-2-1-20230601-172132.jpg 1200w\" sizes=\"(max-width: 720px) 100vw, 720px\" \/><\/a>\n\t\t\t<\/div><\/figure><figure class='gallery-item'>\n\t\t\t<div class='gallery-icon landscape'>\n\t\t\t\t<a  href='https:\/\/bminvest.rs\/wp-content\/uploads\/2023\/08\/stan-10-dnevna-4-2-20230601-172710.jpg' data-lightbox=\"gal[1657]\"><img width=\"720\" height=\"405\" src=\"https:\/\/bminvest.rs\/wp-content\/uploads\/2023\/08\/stan-10-dnevna-4-2-20230601-172710-768x432.jpg\" class=\"attachment-medium_large size-medium_large\" alt=\"\" decoding=\"async\" loading=\"lazy\" srcset=\"https:\/\/bminvest.rs\/wp-content\/uploads\/2023\/08\/stan-10-dnevna-4-2-20230601-172710-768x432.jpg 768w, https:\/\/bminvest.rs\/wp-content\/uploads\/2023\/08\/stan-10-dnevna-4-2-20230601-172710-300x169.jpg 300w, https:\/\/bminvest.rs\/wp-content\/uploads\/2023\/08\/stan-10-dnevna-4-2-20230601-172710-1024x576.jpg 1024w, https:\/\/bminvest.rs\/wp-content\/uploads\/2023\/08\/stan-10-dnevna-4-2-20230601-172710.jpg 1200w\" sizes=\"(max-width: 720px) 100vw, 720px\" \/><\/a>\n\t\t\t<\/div><\/figure><figure class='gallery-item'>\n\t\t\t<div class='gallery-icon landscape'>\n\t\t\t\t<a  href='https:\/\/bminvest.rs\/wp-content\/uploads\/2023\/08\/stan-10-Spavaca-soba-2-0-20230601-172710.jpg' data-lightbox=\"gal[1657]\"><img width=\"720\" height=\"405\" src=\"https:\/\/bminvest.rs\/wp-content\/uploads\/2023\/08\/stan-10-Spavaca-soba-2-0-20230601-172710-768x432.jpg\" class=\"attachment-medium_large size-medium_large\" alt=\"\" decoding=\"async\" loading=\"lazy\" srcset=\"https:\/\/bminvest.rs\/wp-content\/uploads\/2023\/08\/stan-10-Spavaca-soba-2-0-20230601-172710-768x432.jpg 768w, https:\/\/bminvest.rs\/wp-content\/uploads\/2023\/08\/stan-10-Spavaca-soba-2-0-20230601-172710-300x169.jpg 300w, https:\/\/bminvest.rs\/wp-content\/uploads\/2023\/08\/stan-10-Spavaca-soba-2-0-20230601-172710-1024x576.jpg 1024w, https:\/\/bminvest.rs\/wp-content\/uploads\/2023\/08\/stan-10-Spavaca-soba-2-0-20230601-172710.jpg 1200w\" sizes=\"(max-width: 720px) 100vw, 720px\" \/><\/a>\n\t\t\t<\/div><\/figure><figure class='gallery-item'>\n\t\t\t<div class='gallery-icon landscape'>\n\t\t\t\t<a  href='https:\/\/bminvest.rs\/wp-content\/uploads\/2023\/08\/stan-br.-10-katalog-1.jpg' data-lightbox=\"gal[1657]\"><img width=\"720\" height=\"405\" src=\"https:\/\/bminvest.rs\/wp-content\/uploads\/2023\/08\/stan-br.-10-katalog-1-768x432.jpg\" class=\"attachment-medium_large size-medium_large\" alt=\"\" decoding=\"async\" loading=\"lazy\" srcset=\"https:\/\/bminvest.rs\/wp-content\/uploads\/2023\/08\/stan-br.-10-katalog-1-768x432.jpg 768w, https:\/\/bminvest.rs\/wp-content\/uploads\/2023\/08\/stan-br.-10-katalog-1-300x169.jpg 300w, https:\/\/bminvest.rs\/wp-content\/uploads\/2023\/08\/stan-br.-10-katalog-1-1024x576.jpg 1024w, https:\/\/bminvest.rs\/wp-content\/uploads\/2023\/08\/stan-br.-10-katalog-1.jpg 1200w\" sizes=\"(max-width: 720px) 100vw, 720px\" \/><\/a>\n\t\t\t<\/div><\/figure><figure class='gallery-item'>\n\t\t\t<div class='gallery-icon landscape'>\n\t\t\t\t<a  href='https:\/\/bminvest.rs\/wp-content\/uploads\/2023\/08\/stan-10-kupatilo-3.jpg' data-lightbox=\"gal[1657]\"><img width=\"720\" height=\"405\" src=\"https:\/\/bminvest.rs\/wp-content\/uploads\/2023\/08\/stan-10-kupatilo-3-768x432.jpg\" class=\"attachment-medium_large size-medium_large\" alt=\"\" decoding=\"async\" loading=\"lazy\" srcset=\"https:\/\/bminvest.rs\/wp-content\/uploads\/2023\/08\/stan-10-kupatilo-3-768x432.jpg 768w, https:\/\/bminvest.rs\/wp-content\/uploads\/2023\/08\/stan-10-kupatilo-3-300x169.jpg 300w, https:\/\/bminvest.rs\/wp-content\/uploads\/2023\/08\/stan-10-kupatilo-3-1024x576.jpg 1024w, https:\/\/bminvest.rs\/wp-content\/uploads\/2023\/08\/stan-10-kupatilo-3.jpg 1200w\" sizes=\"(max-width: 720px) 100vw, 720px\" \/><\/a>\n\t\t\t<\/div><\/figure><figure class='gallery-item'>\n\t\t\t<div class='gallery-icon landscape'>\n\t\t\t\t<a  href='https:\/\/bminvest.rs\/wp-content\/uploads\/2023\/08\/stan-10-Kupatilo-1-20230601-173149.jpg' data-lightbox=\"gal[1657]\"><img width=\"720\" height=\"405\" src=\"https:\/\/bminvest.rs\/wp-content\/uploads\/2023\/08\/stan-10-Kupatilo-1-20230601-173149-768x432.jpg\" class=\"attachment-medium_large size-medium_large\" alt=\"\" decoding=\"async\" loading=\"lazy\" srcset=\"https:\/\/bminvest.rs\/wp-content\/uploads\/2023\/08\/stan-10-Kupatilo-1-20230601-173149-768x432.jpg 768w, https:\/\/bminvest.rs\/wp-content\/uploads\/2023\/08\/stan-10-Kupatilo-1-20230601-173149-300x169.jpg 300w, https:\/\/bminvest.rs\/wp-content\/uploads\/2023\/08\/stan-10-Kupatilo-1-20230601-173149-1024x576.jpg 1024w, https:\/\/bminvest.rs\/wp-content\/uploads\/2023\/08\/stan-10-Kupatilo-1-20230601-173149.jpg 1200w\" sizes=\"(max-width: 720px) 100vw, 720px\" \/><\/a>\n\t\t\t<\/div><\/figure>\n\t\t<\/div>\n\t\t<\/div>\n\t\t\t\t<\/div>\n\t\t\t\t<\/div>\n\t\t\t\t\t\t<\/div>\n\t\t\t\t\t<\/div>\n\t\t<\/div>\n\t\t\t\t\t\t\t\t<\/div>\n\t\t\t\t\t<\/div>\n\t\t<\/section>\n\t\t\t\t\t\t\t\t\t<\/div>\n\t\t\t<\/div>\n\t\t\t\t\t<\/div>\n\t\t","protected":false},"excerpt":{"rendered":"<p>Tip stana 4 Dobrodo\u0161li na nezaboravno putovanje ka va\u0161em sre\u0107nom i udobnom domu! Shvatamo da slike ponekad ne mogu do\u010darati pravi ose\u0107aj prostora, ali va\u0161 ose\u0107aj kod ku\u0107e je na\u0161 prioritet. Postavljanje omiljene ugaone garniture, pronala\u017eenje savr\u0161enog mesta za dragocenu komodu i odabir izme\u0111u ugradnih i samostoje\u0107ih radnih stolova za decu su klju\u010dni koraci u [&hellip;]<\/p>\n","protected":false},"author":1,"featured_media":0,"parent":0,"menu_order":0,"comment_status":"closed","ping_status":"closed","template":"template-fullwidth.php","meta":[],"_links":{"self":[{"href":"https:\/\/bminvest.rs\/index.php\/wp-json\/wp\/v2\/pages\/1657"}],"collection":[{"href":"https:\/\/bminvest.rs\/index.php\/wp-json\/wp\/v2\/pages"}],"about":[{"href":"https:\/\/bminvest.rs\/index.php\/wp-json\/wp\/v2\/types\/page"}],"author":[{"embeddable":true,"href":"https:\/\/bminvest.rs\/index.php\/wp-json\/wp\/v2\/users\/1"}],"replies":[{"embeddable":true,"href":"https:\/\/bminvest.rs\/index.php\/wp-json\/wp\/v2\/comments?post=1657"}],"version-history":[{"count":18,"href":"https:\/\/bminvest.rs\/index.php\/wp-json\/wp\/v2\/pages\/1657\/revisions"}],"predecessor-version":[{"id":1886,"href":"https:\/\/bminvest.rs\/index.php\/wp-json\/wp\/v2\/pages\/1657\/revisions\/1886"}],"wp:attachment":[{"href":"https:\/\/bminvest.rs\/index.php\/wp-json\/wp\/v2\/media?parent=1657"}],"curies":[{"name":"wp","href":"https:\/\/api.w.org\/{rel}","templated":true}]}}