{"id":1629,"date":"2023-08-03T17:11:18","date_gmt":"2023-08-03T17:11:18","guid":{"rendered":"https:\/\/bminvest.rs\/?page_id=1629"},"modified":"2024-03-30T19:34:22","modified_gmt":"2024-03-30T19:34:22","slug":"tip-stana-3","status":"publish","type":"page","link":"https:\/\/bminvest.rs\/index.php\/tip-stana-3\/","title":{"rendered":"TIP STANA 3"},"content":{"rendered":"\t\t<div data-elementor-type=\"wp-page\" data-elementor-id=\"1629\" class=\"elementor elementor-1629\">\n\t\t\t\t\t\t<div class=\"elementor-inner\">\n\t\t\t\t<div class=\"elementor-section-wrap\">\n\t\t\t\t\t\t\t\t\t<section class=\"elementor-section elementor-top-section elementor-element elementor-element-bef4442 elementor-section-boxed elementor-section-height-default elementor-section-height-default\" data-id=\"bef4442\" data-element_type=\"section\">\n\t\t\t\t\t\t<div class=\"elementor-container elementor-column-gap-default\">\n\t\t\t\t\t\t\t<div class=\"elementor-row\">\n\t\t\t\t\t<div class=\"elementor-column elementor-col-50 elementor-top-column elementor-element elementor-element-42fab33d\" data-id=\"42fab33d\" data-element_type=\"column\">\n\t\t\t<div class=\"elementor-column-wrap elementor-element-populated\">\n\t\t\t\t\t\t\t<div class=\"elementor-widget-wrap\">\n\t\t\t\t\t\t<div class=\"elementor-element elementor-element-2a21fb2c elementor-widget elementor-widget-text-editor\" data-id=\"2a21fb2c\" data-element_type=\"widget\" data-widget_type=\"text-editor.default\">\n\t\t\t\t<div class=\"elementor-widget-container\">\n\t\t\t\t\t\t\t\t<div class=\"elementor-text-editor elementor-clearfix\">\n\t\t\t\t<h3 style=\"text-align: left;\">TIP STANA 3<\/h3>\t\t\t\t\t<\/div>\n\t\t\t\t\t\t<\/div>\n\t\t\t\t<\/div>\n\t\t\t\t<div class=\"elementor-element elementor-element-775ff289 elementor-widget-divider--view-line elementor-invisible elementor-widget elementor-widget-divider\" data-id=\"775ff289\" data-element_type=\"widget\" data-settings=\"{&quot;_animation&quot;:&quot;slideInLeft&quot;}\" data-widget_type=\"divider.default\">\n\t\t\t\t<div class=\"elementor-widget-container\">\n\t\t\t\t\t<div class=\"elementor-divider\">\n\t\t\t<span class=\"elementor-divider-separator\">\n\t\t\t\t\t\t<\/span>\n\t\t<\/div>\n\t\t\t\t<\/div>\n\t\t\t\t<\/div>\n\t\t\t\t<div class=\"elementor-element elementor-element-413123b0 elementor-widget elementor-widget-text-editor\" data-id=\"413123b0\" data-element_type=\"widget\" data-widget_type=\"text-editor.default\">\n\t\t\t\t<div class=\"elementor-widget-container\">\n\t\t\t\t\t\t\t\t<div class=\"elementor-text-editor elementor-clearfix\">\n\t\t\t\t<p>Dobrodo\u0161li na putovanje ka va\u0161em sre\u0107nom i udobnom domu! Slike ponekad ne uspevaju da prenesu pravi ose\u0107aj prostora, ali mi to razumemo. Svestrano ure\u0111enje va\u0161eg novog doma je od velike va\u017enosti &#8211; da li \u0107e omiljena ugaona garnitura lepo pristajati, gde \u0107e prona\u0107i svoje mesto dragocena komoda, i ho\u0107e li se ugradni ili samostoje\u0107i radni stolovi bolje uklopiti za va\u0161u decu?<\/p><p>Osve\u017eite svoja \u010dula i prepustite se magiji koja ovo mesto nosi. U svakom trenutku \u0107ete osetiti sre\u0107u koja vas ispunjava. Stvarajte nezaboravne uspomene koje \u0107e zauvek ostati u va\u0161em srcu.<\/p>\t\t\t\t\t<\/div>\n\t\t\t\t\t\t<\/div>\n\t\t\t\t<\/div>\n\t\t\t\t\t\t<\/div>\n\t\t\t\t\t<\/div>\n\t\t<\/div>\n\t\t\t\t<div class=\"elementor-column elementor-col-50 elementor-top-column elementor-element elementor-element-5d9c2de8\" data-id=\"5d9c2de8\" data-element_type=\"column\">\n\t\t\t<div class=\"elementor-column-wrap elementor-element-populated\">\n\t\t\t\t\t\t\t<div class=\"elementor-widget-wrap\">\n\t\t\t\t\t\t<div class=\"elementor-element elementor-element-29c36416 elementor-widget elementor-widget-image\" data-id=\"29c36416\" data-element_type=\"widget\" data-widget_type=\"image.default\">\n\t\t\t\t<div class=\"elementor-widget-container\">\n\t\t\t\t\t\t\t\t<div class=\"elementor-image\">\n\t\t\t\t\t\t\t\t\t\t\t\t<img decoding=\"async\" width=\"720\" height=\"540\" src=\"https:\/\/bminvest.rs\/wp-content\/uploads\/2023\/08\/Zike-Ilica-Final-01-2-1024x768.jpg\" class=\"attachment-large size-large wp-image-1551\" alt=\"\" loading=\"lazy\" srcset=\"https:\/\/bminvest.rs\/wp-content\/uploads\/2023\/08\/Zike-Ilica-Final-01-2-1024x768.jpg 1024w, https:\/\/bminvest.rs\/wp-content\/uploads\/2023\/08\/Zike-Ilica-Final-01-2-300x225.jpg 300w, https:\/\/bminvest.rs\/wp-content\/uploads\/2023\/08\/Zike-Ilica-Final-01-2-768x576.jpg 768w, https:\/\/bminvest.rs\/wp-content\/uploads\/2023\/08\/Zike-Ilica-Final-01-2.jpg 1200w\" sizes=\"(max-width: 720px) 100vw, 720px\" \/>\t\t\t\t\t\t\t\t\t\t\t\t\t\t<\/div>\n\t\t\t\t\t\t<\/div>\n\t\t\t\t<\/div>\n\t\t\t\t\t\t<\/div>\n\t\t\t\t\t<\/div>\n\t\t<\/div>\n\t\t\t\t\t\t\t\t<\/div>\n\t\t\t\t\t<\/div>\n\t\t<\/section>\n\t\t\t\t<section class=\"elementor-section elementor-top-section elementor-element elementor-element-5ad57f2d elementor-section-boxed elementor-section-height-default elementor-section-height-default\" data-id=\"5ad57f2d\" data-element_type=\"section\">\n\t\t\t\t\t\t<div class=\"elementor-container elementor-column-gap-default\">\n\t\t\t\t\t\t\t<div class=\"elementor-row\">\n\t\t\t\t\t<div class=\"elementor-column elementor-col-100 elementor-top-column elementor-element elementor-element-5ef1beeb\" data-id=\"5ef1beeb\" data-element_type=\"column\">\n\t\t\t<div class=\"elementor-column-wrap elementor-element-populated\">\n\t\t\t\t\t\t\t<div class=\"elementor-widget-wrap\">\n\t\t\t\t\t\t<div class=\"elementor-element elementor-element-143e27dd elementor-widget elementor-widget-image\" data-id=\"143e27dd\" data-element_type=\"widget\" data-widget_type=\"image.default\">\n\t\t\t\t<div class=\"elementor-widget-container\">\n\t\t\t\t\t\t\t\t<div class=\"elementor-image\">\n\t\t\t\t\t\t\t\t\t\t\t\t<img decoding=\"async\" width=\"1200\" height=\"675\" src=\"https:\/\/bminvest.rs\/wp-content\/uploads\/2023\/08\/Floor-plan-stan-br.9.jpg\" class=\"attachment-full size-full wp-image-1636\" alt=\"\" loading=\"lazy\" srcset=\"https:\/\/bminvest.rs\/wp-content\/uploads\/2023\/08\/Floor-plan-stan-br.9.jpg 1200w, https:\/\/bminvest.rs\/wp-content\/uploads\/2023\/08\/Floor-plan-stan-br.9-300x169.jpg 300w, https:\/\/bminvest.rs\/wp-content\/uploads\/2023\/08\/Floor-plan-stan-br.9-1024x576.jpg 1024w, https:\/\/bminvest.rs\/wp-content\/uploads\/2023\/08\/Floor-plan-stan-br.9-768x432.jpg 768w\" sizes=\"(max-width: 1200px) 100vw, 1200px\" \/>\t\t\t\t\t\t\t\t\t\t\t\t\t\t<\/div>\n\t\t\t\t\t\t<\/div>\n\t\t\t\t<\/div>\n\t\t\t\t<div class=\"elementor-element elementor-element-2231706a elementor-widget elementor-widget-text-editor\" data-id=\"2231706a\" data-element_type=\"widget\" data-widget_type=\"text-editor.default\">\n\t\t\t\t<div class=\"elementor-widget-container\">\n\t\t\t\t\t\t\t\t<div class=\"elementor-text-editor elementor-clearfix\">\n\t\t\t\t<h3>3D obilazak va\u0161eg budu\u0107eg stana!<\/h3>\t\t\t\t\t<\/div>\n\t\t\t\t\t\t<\/div>\n\t\t\t\t<\/div>\n\t\t\t\t<div class=\"elementor-element elementor-element-45709da3 elementor-widget elementor-widget-text-editor\" data-id=\"45709da3\" data-element_type=\"widget\" data-widget_type=\"text-editor.default\">\n\t\t\t\t<div class=\"elementor-widget-container\">\n\t\t\t\t\t\t\t\t<div class=\"elementor-text-editor elementor-clearfix\">\n\t\t\t\t<p>Slike ponekad ne prenose pravi ose\u0107aj prostora, a mi razumemo kopru\u017eamo jedinstvenu priliku &#8211; 3D obilazak va\u0161eg budu\u0107eg stana! Ose\u0107ajte se kao kod ku\u0107e dok istra\u017eujete svaki kutak i razmatrate sve mogu\u0107nosti. Na\u0161 cilj je da vam omogu\u0107imo potpun uvid kako biste doneli najbolju odluku za svoj novi dom.<\/p><p>Pridru\u017eite nam se u ovoj inovativnoj avanturi i zapo\u010dnite put ka ostvarenju va\u0161ih snova &#8211; sre\u0107nom i udobnom domu! lako je bitan ose\u0107aj koji \u0107ete imati u svom novom domu. Da li \u0107e se va\u0161a omiljena ugaona garnitura lepo uklopiti? Gde \u0107e prona\u0107i svoje mesto va\u0161a dragocena komoda? Da li odabrati ugradne ili samostoje\u0107e radne stolove za decu?<\/p><p>Do\u017eivite ose\u0107aj kao da ste ve\u0107 kod ku\u0107e, istra\u017eite prostor i razmislite o svim mogu\u0107nostima. Na\u0161 cilj je da vam pru\u017eimo potpuni uvid kako biste doneli najbolju odluku za svoj novi dom.<\/p><p>Pridru\u017eite nam se u ovoj inovativnoj avanturi i zakora\u010dite prema va\u0161em sre\u0107nom i udobnom domu!<\/p>\t\t\t\t\t<\/div>\n\t\t\t\t\t\t<\/div>\n\t\t\t\t<\/div>\n\t\t\t\t\t\t<\/div>\n\t\t\t\t\t<\/div>\n\t\t<\/div>\n\t\t\t\t\t\t\t\t<\/div>\n\t\t\t\t\t<\/div>\n\t\t<\/section>\n\t\t\t\t<section class=\"elementor-section elementor-top-section elementor-element elementor-element-1759007f elementor-hidden-desktop elementor-hidden-tablet elementor-hidden-mobile elementor-section-boxed elementor-section-height-default elementor-section-height-default\" data-id=\"1759007f\" data-element_type=\"section\">\n\t\t\t\t\t\t<div class=\"elementor-container elementor-column-gap-default\">\n\t\t\t\t\t\t\t<div class=\"elementor-row\">\n\t\t\t\t\t<div class=\"elementor-column elementor-col-100 elementor-top-column elementor-element elementor-element-2d739b75\" data-id=\"2d739b75\" data-element_type=\"column\">\n\t\t\t<div class=\"elementor-column-wrap elementor-element-populated\">\n\t\t\t\t\t\t\t<div class=\"elementor-widget-wrap\">\n\t\t\t\t\t\t<div class=\"elementor-element elementor-element-57dcc657 elementor-widget elementor-widget-html\" data-id=\"57dcc657\" data-element_type=\"widget\" data-widget_type=\"html.default\">\n\t\t\t\t<div class=\"elementor-widget-container\">\n\t\t\t<iframe loading=\"lazy\" width=\"750\" height=\"850\" src=\"https:\/\/360photosrb.viewin360.co\/share\/collection\/7FScw?logo=-1&info=0&fs=1&vr=1&gyro=0&initload=0&thumbs=1&inst=0&keys=0\" title=\"W3Schools Free Online Web Tutorials\"><\/iframe>\r\n\t\t<\/div>\n\t\t\t\t<\/div>\n\t\t\t\t\t\t<\/div>\n\t\t\t\t\t<\/div>\n\t\t<\/div>\n\t\t\t\t\t\t\t\t<\/div>\n\t\t\t\t\t<\/div>\n\t\t<\/section>\n\t\t\t\t<section class=\"elementor-section elementor-top-section elementor-element elementor-element-22110b4c elementor-section-boxed elementor-section-height-default elementor-section-height-default\" data-id=\"22110b4c\" data-element_type=\"section\">\n\t\t\t\t\t\t<div class=\"elementor-container elementor-column-gap-default\">\n\t\t\t\t\t\t\t<div class=\"elementor-row\">\n\t\t\t\t\t<div class=\"elementor-column elementor-col-100 elementor-top-column elementor-element elementor-element-44920b22\" data-id=\"44920b22\" data-element_type=\"column\">\n\t\t\t<div class=\"elementor-column-wrap elementor-element-populated\">\n\t\t\t\t\t\t\t<div class=\"elementor-widget-wrap\">\n\t\t\t\t\t\t<div class=\"elementor-element elementor-element-5804e426 elementor-widget elementor-widget-text-editor\" data-id=\"5804e426\" data-element_type=\"widget\" data-widget_type=\"text-editor.default\">\n\t\t\t\t<div class=\"elementor-widget-container\">\n\t\t\t\t\t\t\t\t<div class=\"elementor-text-editor elementor-clearfix\">\n\t\t\t\t<h3>Galerija<\/h3>\t\t\t\t\t<\/div>\n\t\t\t\t\t\t<\/div>\n\t\t\t\t<\/div>\n\t\t\t\t\t\t<\/div>\n\t\t\t\t\t<\/div>\n\t\t<\/div>\n\t\t\t\t\t\t\t\t<\/div>\n\t\t\t\t\t<\/div>\n\t\t<\/section>\n\t\t\t\t<section class=\"elementor-section elementor-top-section elementor-element elementor-element-4f1e11a7 elementor-section-boxed elementor-section-height-default elementor-section-height-default\" data-id=\"4f1e11a7\" data-element_type=\"section\">\n\t\t\t\t\t\t<div class=\"elementor-container elementor-column-gap-default\">\n\t\t\t\t\t\t\t<div class=\"elementor-row\">\n\t\t\t\t\t<div class=\"elementor-column elementor-col-100 elementor-top-column elementor-element elementor-element-6341df52\" data-id=\"6341df52\" data-element_type=\"column\">\n\t\t\t<div class=\"elementor-column-wrap elementor-element-populated\">\n\t\t\t\t\t\t\t<div class=\"elementor-widget-wrap\">\n\t\t\t\t\t\t<div class=\"elementor-element elementor-element-6918a518 gallery-spacing-custom elementor-widget elementor-widget-image-gallery\" data-id=\"6918a518\" data-element_type=\"widget\" data-widget_type=\"image-gallery.default\">\n\t\t\t\t<div class=\"elementor-widget-container\">\n\t\t\t\t\t<div class=\"elementor-image-gallery\">\n\t\t\t<div id='gallery-1' class='gallery galleryid-1629 gallery-columns-3 gallery-size-medium_large'><figure class='gallery-item'>\n\t\t\t<div class='gallery-icon landscape'>\n\t\t\t\t<a  href='https:\/\/bminvest.rs\/wp-content\/uploads\/2023\/08\/Decija-soba-2.jpg' data-lightbox=\"gal[1629]\"><img width=\"720\" height=\"405\" src=\"https:\/\/bminvest.rs\/wp-content\/uploads\/2023\/08\/Decija-soba-2-768x432.jpg\" class=\"attachment-medium_large size-medium_large\" alt=\"\" decoding=\"async\" loading=\"lazy\" srcset=\"https:\/\/bminvest.rs\/wp-content\/uploads\/2023\/08\/Decija-soba-2-768x432.jpg 768w, https:\/\/bminvest.rs\/wp-content\/uploads\/2023\/08\/Decija-soba-2-300x169.jpg 300w, https:\/\/bminvest.rs\/wp-content\/uploads\/2023\/08\/Decija-soba-2-1024x576.jpg 1024w, https:\/\/bminvest.rs\/wp-content\/uploads\/2023\/08\/Decija-soba-2.jpg 1200w\" sizes=\"(max-width: 720px) 100vw, 720px\" \/><\/a>\n\t\t\t<\/div><\/figure><figure class='gallery-item'>\n\t\t\t<div class='gallery-icon landscape'>\n\t\t\t\t<a  href='https:\/\/bminvest.rs\/wp-content\/uploads\/2023\/08\/Decija-soba-1.jpg' data-lightbox=\"gal[1629]\"><img width=\"720\" height=\"405\" src=\"https:\/\/bminvest.rs\/wp-content\/uploads\/2023\/08\/Decija-soba-1-768x432.jpg\" class=\"attachment-medium_large size-medium_large\" alt=\"\" decoding=\"async\" loading=\"lazy\" srcset=\"https:\/\/bminvest.rs\/wp-content\/uploads\/2023\/08\/Decija-soba-1-768x432.jpg 768w, https:\/\/bminvest.rs\/wp-content\/uploads\/2023\/08\/Decija-soba-1-300x169.jpg 300w, https:\/\/bminvest.rs\/wp-content\/uploads\/2023\/08\/Decija-soba-1-1024x576.jpg 1024w, https:\/\/bminvest.rs\/wp-content\/uploads\/2023\/08\/Decija-soba-1.jpg 1200w\" sizes=\"(max-width: 720px) 100vw, 720px\" \/><\/a>\n\t\t\t<\/div><\/figure><figure class='gallery-item'>\n\t\t\t<div class='gallery-icon landscape'>\n\t\t\t\t<a  href='https:\/\/bminvest.rs\/wp-content\/uploads\/2023\/08\/Dnevna-soba-2-1.jpg' data-lightbox=\"gal[1629]\"><img width=\"720\" height=\"405\" src=\"https:\/\/bminvest.rs\/wp-content\/uploads\/2023\/08\/Dnevna-soba-2-1-768x432.jpg\" class=\"attachment-medium_large size-medium_large\" alt=\"\" decoding=\"async\" loading=\"lazy\" srcset=\"https:\/\/bminvest.rs\/wp-content\/uploads\/2023\/08\/Dnevna-soba-2-1-768x432.jpg 768w, https:\/\/bminvest.rs\/wp-content\/uploads\/2023\/08\/Dnevna-soba-2-1-300x169.jpg 300w, https:\/\/bminvest.rs\/wp-content\/uploads\/2023\/08\/Dnevna-soba-2-1-1024x576.jpg 1024w, https:\/\/bminvest.rs\/wp-content\/uploads\/2023\/08\/Dnevna-soba-2-1.jpg 1200w\" sizes=\"(max-width: 720px) 100vw, 720px\" \/><\/a>\n\t\t\t<\/div><\/figure><figure class='gallery-item'>\n\t\t\t<div class='gallery-icon landscape'>\n\t\t\t\t<a  href='https:\/\/bminvest.rs\/wp-content\/uploads\/2023\/08\/Dnevna-soba-i-kuhinja.jpg' data-lightbox=\"gal[1629]\"><img width=\"720\" height=\"405\" src=\"https:\/\/bminvest.rs\/wp-content\/uploads\/2023\/08\/Dnevna-soba-i-kuhinja-768x432.jpg\" class=\"attachment-medium_large size-medium_large\" alt=\"\" decoding=\"async\" loading=\"lazy\" srcset=\"https:\/\/bminvest.rs\/wp-content\/uploads\/2023\/08\/Dnevna-soba-i-kuhinja-768x432.jpg 768w, https:\/\/bminvest.rs\/wp-content\/uploads\/2023\/08\/Dnevna-soba-i-kuhinja-300x169.jpg 300w, https:\/\/bminvest.rs\/wp-content\/uploads\/2023\/08\/Dnevna-soba-i-kuhinja-1024x576.jpg 1024w, https:\/\/bminvest.rs\/wp-content\/uploads\/2023\/08\/Dnevna-soba-i-kuhinja.jpg 1200w\" sizes=\"(max-width: 720px) 100vw, 720px\" \/><\/a>\n\t\t\t<\/div><\/figure><figure class='gallery-item'>\n\t\t\t<div class='gallery-icon landscape'>\n\t\t\t\t<a  href='https:\/\/bminvest.rs\/wp-content\/uploads\/2023\/08\/Dnevna-soba.jpg' data-lightbox=\"gal[1629]\"><img width=\"720\" height=\"405\" src=\"https:\/\/bminvest.rs\/wp-content\/uploads\/2023\/08\/Dnevna-soba-768x432.jpg\" class=\"attachment-medium_large size-medium_large\" alt=\"\" decoding=\"async\" loading=\"lazy\" srcset=\"https:\/\/bminvest.rs\/wp-content\/uploads\/2023\/08\/Dnevna-soba-768x432.jpg 768w, https:\/\/bminvest.rs\/wp-content\/uploads\/2023\/08\/Dnevna-soba-300x169.jpg 300w, https:\/\/bminvest.rs\/wp-content\/uploads\/2023\/08\/Dnevna-soba-1024x576.jpg 1024w, https:\/\/bminvest.rs\/wp-content\/uploads\/2023\/08\/Dnevna-soba.jpg 1200w\" sizes=\"(max-width: 720px) 100vw, 720px\" \/><\/a>\n\t\t\t<\/div><\/figure><figure class='gallery-item'>\n\t\t\t<div class='gallery-icon landscape'>\n\t\t\t\t<a  href='https:\/\/bminvest.rs\/wp-content\/uploads\/2023\/08\/Hodnik-2.jpg' data-lightbox=\"gal[1629]\"><img width=\"720\" height=\"405\" src=\"https:\/\/bminvest.rs\/wp-content\/uploads\/2023\/08\/Hodnik-2-768x432.jpg\" class=\"attachment-medium_large size-medium_large\" alt=\"\" decoding=\"async\" loading=\"lazy\" srcset=\"https:\/\/bminvest.rs\/wp-content\/uploads\/2023\/08\/Hodnik-2-768x432.jpg 768w, https:\/\/bminvest.rs\/wp-content\/uploads\/2023\/08\/Hodnik-2-300x169.jpg 300w, https:\/\/bminvest.rs\/wp-content\/uploads\/2023\/08\/Hodnik-2-1024x576.jpg 1024w, https:\/\/bminvest.rs\/wp-content\/uploads\/2023\/08\/Hodnik-2.jpg 1200w\" sizes=\"(max-width: 720px) 100vw, 720px\" \/><\/a>\n\t\t\t<\/div><\/figure><figure class='gallery-item'>\n\t\t\t<div class='gallery-icon landscape'>\n\t\t\t\t<a  href='https:\/\/bminvest.rs\/wp-content\/uploads\/2023\/08\/Kuhinja-2-1.jpg' data-lightbox=\"gal[1629]\"><img width=\"720\" height=\"405\" src=\"https:\/\/bminvest.rs\/wp-content\/uploads\/2023\/08\/Kuhinja-2-1-768x432.jpg\" class=\"attachment-medium_large size-medium_large\" alt=\"\" decoding=\"async\" loading=\"lazy\" srcset=\"https:\/\/bminvest.rs\/wp-content\/uploads\/2023\/08\/Kuhinja-2-1-768x432.jpg 768w, https:\/\/bminvest.rs\/wp-content\/uploads\/2023\/08\/Kuhinja-2-1-300x169.jpg 300w, https:\/\/bminvest.rs\/wp-content\/uploads\/2023\/08\/Kuhinja-2-1-1024x576.jpg 1024w, https:\/\/bminvest.rs\/wp-content\/uploads\/2023\/08\/Kuhinja-2-1.jpg 1200w\" sizes=\"(max-width: 720px) 100vw, 720px\" \/><\/a>\n\t\t\t<\/div><\/figure><figure class='gallery-item'>\n\t\t\t<div class='gallery-icon landscape'>\n\t\t\t\t<a  href='https:\/\/bminvest.rs\/wp-content\/uploads\/2023\/08\/Spavaca-soba-1.jpg' data-lightbox=\"gal[1629]\"><img width=\"720\" height=\"405\" src=\"https:\/\/bminvest.rs\/wp-content\/uploads\/2023\/08\/Spavaca-soba-1-768x432.jpg\" class=\"attachment-medium_large size-medium_large\" alt=\"\" decoding=\"async\" loading=\"lazy\" srcset=\"https:\/\/bminvest.rs\/wp-content\/uploads\/2023\/08\/Spavaca-soba-1-768x432.jpg 768w, https:\/\/bminvest.rs\/wp-content\/uploads\/2023\/08\/Spavaca-soba-1-300x169.jpg 300w, https:\/\/bminvest.rs\/wp-content\/uploads\/2023\/08\/Spavaca-soba-1-1024x576.jpg 1024w, https:\/\/bminvest.rs\/wp-content\/uploads\/2023\/08\/Spavaca-soba-1.jpg 1200w\" sizes=\"(max-width: 720px) 100vw, 720px\" \/><\/a>\n\t\t\t<\/div><\/figure><figure class='gallery-item'>\n\t\t\t<div class='gallery-icon landscape'>\n\t\t\t\t<a  href='https:\/\/bminvest.rs\/wp-content\/uploads\/2023\/08\/Spavaca-soba-2-1.jpg' data-lightbox=\"gal[1629]\"><img width=\"720\" height=\"405\" src=\"https:\/\/bminvest.rs\/wp-content\/uploads\/2023\/08\/Spavaca-soba-2-1-768x432.jpg\" class=\"attachment-medium_large size-medium_large\" alt=\"\" decoding=\"async\" loading=\"lazy\" srcset=\"https:\/\/bminvest.rs\/wp-content\/uploads\/2023\/08\/Spavaca-soba-2-1-768x432.jpg 768w, https:\/\/bminvest.rs\/wp-content\/uploads\/2023\/08\/Spavaca-soba-2-1-300x169.jpg 300w, https:\/\/bminvest.rs\/wp-content\/uploads\/2023\/08\/Spavaca-soba-2-1-1024x576.jpg 1024w, https:\/\/bminvest.rs\/wp-content\/uploads\/2023\/08\/Spavaca-soba-2-1.jpg 1200w\" sizes=\"(max-width: 720px) 100vw, 720px\" \/><\/a>\n\t\t\t<\/div><\/figure><figure class='gallery-item'>\n\t\t\t<div class='gallery-icon landscape'>\n\t\t\t\t<a  href='https:\/\/bminvest.rs\/wp-content\/uploads\/2023\/08\/Toalet-1.jpg' data-lightbox=\"gal[1629]\"><img width=\"720\" height=\"405\" src=\"https:\/\/bminvest.rs\/wp-content\/uploads\/2023\/08\/Toalet-1-768x432.jpg\" class=\"attachment-medium_large size-medium_large\" alt=\"\" decoding=\"async\" loading=\"lazy\" srcset=\"https:\/\/bminvest.rs\/wp-content\/uploads\/2023\/08\/Toalet-1-768x432.jpg 768w, https:\/\/bminvest.rs\/wp-content\/uploads\/2023\/08\/Toalet-1-300x169.jpg 300w, https:\/\/bminvest.rs\/wp-content\/uploads\/2023\/08\/Toalet-1-1024x576.jpg 1024w, https:\/\/bminvest.rs\/wp-content\/uploads\/2023\/08\/Toalet-1.jpg 1200w\" sizes=\"(max-width: 720px) 100vw, 720px\" \/><\/a>\n\t\t\t<\/div><\/figure>\n\t\t<\/div>\n\t\t<\/div>\n\t\t\t\t<\/div>\n\t\t\t\t<\/div>\n\t\t\t\t\t\t<\/div>\n\t\t\t\t\t<\/div>\n\t\t<\/div>\n\t\t\t\t\t\t\t\t<\/div>\n\t\t\t\t\t<\/div>\n\t\t<\/section>\n\t\t\t\t\t\t\t\t\t<\/div>\n\t\t\t<\/div>\n\t\t\t\t\t<\/div>\n\t\t","protected":false},"excerpt":{"rendered":"<p>TIP STANA 3 Dobrodo\u0161li na putovanje ka va\u0161em sre\u0107nom i udobnom domu! Slike ponekad ne uspevaju da prenesu pravi ose\u0107aj prostora, ali mi to razumemo. Svestrano ure\u0111enje va\u0161eg novog doma je od velike va\u017enosti &#8211; da li \u0107e omiljena ugaona garnitura lepo pristajati, gde \u0107e prona\u0107i svoje mesto dragocena komoda, i ho\u0107e li se ugradni [&hellip;]<\/p>\n","protected":false},"author":1,"featured_media":0,"parent":0,"menu_order":0,"comment_status":"closed","ping_status":"closed","template":"template-fullwidth.php","meta":[],"_links":{"self":[{"href":"https:\/\/bminvest.rs\/index.php\/wp-json\/wp\/v2\/pages\/1629"}],"collection":[{"href":"https:\/\/bminvest.rs\/index.php\/wp-json\/wp\/v2\/pages"}],"about":[{"href":"https:\/\/bminvest.rs\/index.php\/wp-json\/wp\/v2\/types\/page"}],"author":[{"embeddable":true,"href":"https:\/\/bminvest.rs\/index.php\/wp-json\/wp\/v2\/users\/1"}],"replies":[{"embeddable":true,"href":"https:\/\/bminvest.rs\/index.php\/wp-json\/wp\/v2\/comments?post=1629"}],"version-history":[{"count":21,"href":"https:\/\/bminvest.rs\/index.php\/wp-json\/wp\/v2\/pages\/1629\/revisions"}],"predecessor-version":[{"id":1880,"href":"https:\/\/bminvest.rs\/index.php\/wp-json\/wp\/v2\/pages\/1629\/revisions\/1880"}],"wp:attachment":[{"href":"https:\/\/bminvest.rs\/index.php\/wp-json\/wp\/v2\/media?parent=1629"}],"curies":[{"name":"wp","href":"https:\/\/api.w.org\/{rel}","templated":true}]}}