{"id":1489,"date":"2023-08-03T09:58:46","date_gmt":"2023-08-03T09:58:46","guid":{"rendered":"https:\/\/bminvest.rs\/?page_id=1489"},"modified":"2024-03-30T19:26:19","modified_gmt":"2024-03-30T19:26:19","slug":"tip-stana-1","status":"publish","type":"page","link":"https:\/\/bminvest.rs\/index.php\/tip-stana-1\/","title":{"rendered":"Tip stana 1"},"content":{"rendered":"\t\t<div data-elementor-type=\"wp-page\" data-elementor-id=\"1489\" class=\"elementor elementor-1489\">\n\t\t\t\t\t\t<div class=\"elementor-inner\">\n\t\t\t\t<div class=\"elementor-section-wrap\">\n\t\t\t\t\t\t\t\t\t<section class=\"elementor-section elementor-top-section elementor-element elementor-element-34e56d1 elementor-section-boxed elementor-section-height-default elementor-section-height-default\" data-id=\"34e56d1\" data-element_type=\"section\">\n\t\t\t\t\t\t<div class=\"elementor-container elementor-column-gap-default\">\n\t\t\t\t\t\t\t<div class=\"elementor-row\">\n\t\t\t\t\t<div class=\"elementor-column elementor-col-50 elementor-top-column elementor-element elementor-element-b98aa47\" data-id=\"b98aa47\" data-element_type=\"column\">\n\t\t\t<div class=\"elementor-column-wrap elementor-element-populated\">\n\t\t\t\t\t\t\t<div class=\"elementor-widget-wrap\">\n\t\t\t\t\t\t<div class=\"elementor-element elementor-element-f1555cb elementor-widget elementor-widget-text-editor\" data-id=\"f1555cb\" data-element_type=\"widget\" data-widget_type=\"text-editor.default\">\n\t\t\t\t<div class=\"elementor-widget-container\">\n\t\t\t\t\t\t\t\t<div class=\"elementor-text-editor elementor-clearfix\">\n\t\t\t\t<h3>Tip stana 1<\/h3>\t\t\t\t\t<\/div>\n\t\t\t\t\t\t<\/div>\n\t\t\t\t<\/div>\n\t\t\t\t<div class=\"elementor-element elementor-element-0ad6ee4 elementor-widget-divider--view-line elementor-invisible elementor-widget elementor-widget-divider\" data-id=\"0ad6ee4\" data-element_type=\"widget\" data-settings=\"{&quot;_animation&quot;:&quot;slideInLeft&quot;}\" data-widget_type=\"divider.default\">\n\t\t\t\t<div class=\"elementor-widget-container\">\n\t\t\t\t\t<div class=\"elementor-divider\">\n\t\t\t<span class=\"elementor-divider-separator\">\n\t\t\t\t\t\t<\/span>\n\t\t<\/div>\n\t\t\t\t<\/div>\n\t\t\t\t<\/div>\n\t\t\t\t<div class=\"elementor-element elementor-element-62411b0 elementor-widget elementor-widget-text-editor\" data-id=\"62411b0\" data-element_type=\"widget\" data-widget_type=\"text-editor.default\">\n\t\t\t\t<div class=\"elementor-widget-container\">\n\t\t\t\t\t\t\t\t<div class=\"elementor-text-editor elementor-clearfix\">\n\t\t\t\t<p>Stan je predivan prostor koji \u0107e vas o\u010darati svojom udobno\u0161\u0107u i \u0161armom. Nalazi u mirnom delu grada, pru\u017eaju\u0107i vam idealnu ravnote\u017eu izme\u0111u urbanog \u017eivota i privatnosti. Lokacija je pogodna za brz i jednostavan pristup svim delovima grada.<\/p><p>Stan pru\u017ea sve \u0161to vam je potrebno za udoban i kvalitetan \u017eivot u gradu. Ne propustite priliku da postanete deo ovog prelepog stambenog prostora. Kontaktirajte nas danas kako biste zaka\u017eili obilazak i videli sve \u0161to stan ima da ponudi. Radujemo se \u0161to \u0107emo vam predstaviti va\u0161 budu\u0107i dom!<\/p>\t\t\t\t\t<\/div>\n\t\t\t\t\t\t<\/div>\n\t\t\t\t<\/div>\n\t\t\t\t\t\t<\/div>\n\t\t\t\t\t<\/div>\n\t\t<\/div>\n\t\t\t\t<div class=\"elementor-column elementor-col-50 elementor-top-column elementor-element elementor-element-3eed62d\" data-id=\"3eed62d\" data-element_type=\"column\">\n\t\t\t<div class=\"elementor-column-wrap elementor-element-populated\">\n\t\t\t\t\t\t\t<div class=\"elementor-widget-wrap\">\n\t\t\t\t\t\t<div class=\"elementor-element elementor-element-0a67dd0 elementor-widget elementor-widget-image\" data-id=\"0a67dd0\" data-element_type=\"widget\" data-widget_type=\"image.default\">\n\t\t\t\t<div class=\"elementor-widget-container\">\n\t\t\t\t\t\t\t\t<div class=\"elementor-image\">\n\t\t\t\t\t\t\t\t\t\t\t\t<img decoding=\"async\" width=\"720\" height=\"541\" src=\"https:\/\/bminvest.rs\/wp-content\/uploads\/2023\/08\/Zike_Ilica_Final_031-1024x769.jpg\" class=\"attachment-large size-large wp-image-1549\" alt=\"\" loading=\"lazy\" srcset=\"https:\/\/bminvest.rs\/wp-content\/uploads\/2023\/08\/Zike_Ilica_Final_031-1024x769.jpg 1024w, https:\/\/bminvest.rs\/wp-content\/uploads\/2023\/08\/Zike_Ilica_Final_031-300x225.jpg 300w, https:\/\/bminvest.rs\/wp-content\/uploads\/2023\/08\/Zike_Ilica_Final_031-768x577.jpg 768w, https:\/\/bminvest.rs\/wp-content\/uploads\/2023\/08\/Zike_Ilica_Final_031.jpg 1200w\" sizes=\"(max-width: 720px) 100vw, 720px\" \/>\t\t\t\t\t\t\t\t\t\t\t\t\t\t<\/div>\n\t\t\t\t\t\t<\/div>\n\t\t\t\t<\/div>\n\t\t\t\t\t\t<\/div>\n\t\t\t\t\t<\/div>\n\t\t<\/div>\n\t\t\t\t\t\t\t\t<\/div>\n\t\t\t\t\t<\/div>\n\t\t<\/section>\n\t\t\t\t<section class=\"elementor-section elementor-top-section elementor-element elementor-element-6e32f90 elementor-section-boxed elementor-section-height-default elementor-section-height-default\" data-id=\"6e32f90\" data-element_type=\"section\">\n\t\t\t\t\t\t<div class=\"elementor-container elementor-column-gap-default\">\n\t\t\t\t\t\t\t<div class=\"elementor-row\">\n\t\t\t\t\t<div class=\"elementor-column elementor-col-100 elementor-top-column elementor-element elementor-element-4d868f7\" data-id=\"4d868f7\" data-element_type=\"column\">\n\t\t\t<div class=\"elementor-column-wrap elementor-element-populated\">\n\t\t\t\t\t\t\t<div class=\"elementor-widget-wrap\">\n\t\t\t\t\t\t<div class=\"elementor-element elementor-element-1c7d05f elementor-widget elementor-widget-image\" data-id=\"1c7d05f\" data-element_type=\"widget\" data-widget_type=\"image.default\">\n\t\t\t\t<div class=\"elementor-widget-container\">\n\t\t\t\t\t\t\t\t<div class=\"elementor-image\">\n\t\t\t\t\t\t\t\t\t\t\t\t<img decoding=\"async\" width=\"1200\" height=\"675\" src=\"https:\/\/bminvest.rs\/wp-content\/uploads\/2023\/08\/Pticija-Perspektiva.jpg\" class=\"attachment-full size-full wp-image-1493\" alt=\"\" loading=\"lazy\" srcset=\"https:\/\/bminvest.rs\/wp-content\/uploads\/2023\/08\/Pticija-Perspektiva.jpg 1200w, https:\/\/bminvest.rs\/wp-content\/uploads\/2023\/08\/Pticija-Perspektiva-300x169.jpg 300w, https:\/\/bminvest.rs\/wp-content\/uploads\/2023\/08\/Pticija-Perspektiva-1024x576.jpg 1024w, https:\/\/bminvest.rs\/wp-content\/uploads\/2023\/08\/Pticija-Perspektiva-768x432.jpg 768w\" sizes=\"(max-width: 1200px) 100vw, 1200px\" \/>\t\t\t\t\t\t\t\t\t\t\t\t\t\t<\/div>\n\t\t\t\t\t\t<\/div>\n\t\t\t\t<\/div>\n\t\t\t\t<div class=\"elementor-element elementor-element-33d6572 elementor-widget elementor-widget-text-editor\" data-id=\"33d6572\" data-element_type=\"widget\" data-widget_type=\"text-editor.default\">\n\t\t\t\t<div class=\"elementor-widget-container\">\n\t\t\t\t\t\t\t\t<div class=\"elementor-text-editor elementor-clearfix\">\n\t\t\t\t<h3>Pozivamo vas na uzbudljiv 3D obilazak va\u0161eg budu\u0107eg stana!<\/h3>\t\t\t\t\t<\/div>\n\t\t\t\t\t\t<\/div>\n\t\t\t\t<\/div>\n\t\t\t\t<div class=\"elementor-element elementor-element-63406f2 elementor-widget elementor-widget-text-editor\" data-id=\"63406f2\" data-element_type=\"widget\" data-widget_type=\"text-editor.default\">\n\t\t\t\t<div class=\"elementor-widget-container\">\n\t\t\t\t\t\t\t\t<div class=\"elementor-text-editor elementor-clearfix\">\n\t\t\t\t<p>Slike ponekad ne prenose pravi ose\u0107aj prostora, a mi razumemo koliko je bitan ose\u0107aj koji \u0107ete imati u svom novom domu. Da li \u0107e se va\u0161a omiljena ugaona garnitura lepo uklopiti? Gde \u0107e prona\u0107i svoje mesto va\u0161a dragocena komoda? Da li odabrati ugradne ili samostoje\u0107e radne stolove za decu?<\/p><p>Do\u017eivite ose\u0107aj kao da ste ve\u0107 kod ku\u0107e, istra\u017eite prostor i razmislite o svim mogu\u0107nostima. Na\u0161 cilj je da vam pru\u017eimo potpuni uvid kako biste doneli najbolju odluku za svoj novi dom.<\/p><p>Pridru\u017eite nam se u ovoj inovativnoj avanturi i zakora\u010dite prema va\u0161em sre\u0107nom i udobnom domu!<\/p>\t\t\t\t\t<\/div>\n\t\t\t\t\t\t<\/div>\n\t\t\t\t<\/div>\n\t\t\t\t\t\t<\/div>\n\t\t\t\t\t<\/div>\n\t\t<\/div>\n\t\t\t\t\t\t\t\t<\/div>\n\t\t\t\t\t<\/div>\n\t\t<\/section>\n\t\t\t\t<section class=\"elementor-section elementor-top-section elementor-element elementor-element-42cc5502 elementor-hidden-desktop elementor-hidden-tablet elementor-hidden-mobile elementor-section-boxed elementor-section-height-default elementor-section-height-default\" data-id=\"42cc5502\" data-element_type=\"section\">\n\t\t\t\t\t\t<div class=\"elementor-container elementor-column-gap-default\">\n\t\t\t\t\t\t\t<div class=\"elementor-row\">\n\t\t\t\t\t<div class=\"elementor-column elementor-col-100 elementor-top-column elementor-element elementor-element-9e86d1e\" data-id=\"9e86d1e\" data-element_type=\"column\">\n\t\t\t<div class=\"elementor-column-wrap elementor-element-populated\">\n\t\t\t\t\t\t\t<div class=\"elementor-widget-wrap\">\n\t\t\t\t\t\t<div class=\"elementor-element elementor-element-3240824 elementor-widget elementor-widget-html\" data-id=\"3240824\" data-element_type=\"widget\" data-widget_type=\"html.default\">\n\t\t\t\t<div class=\"elementor-widget-container\">\n\t\t\t<iframe loading=\"lazy\" width=\"750\" height=\"850\" src=\"https:\/\/360photosrb.viewin360.co\/share\/collection\/7FtDn?logo=-1&info=0&fs=1&vr=1&sd=1&gyro=0&initload=0&thumbs=1\" ><\/iframe>\r\n\t\t<\/div>\n\t\t\t\t<\/div>\n\t\t\t\t\t\t<\/div>\n\t\t\t\t\t<\/div>\n\t\t<\/div>\n\t\t\t\t\t\t\t\t<\/div>\n\t\t\t\t\t<\/div>\n\t\t<\/section>\n\t\t\t\t<section class=\"elementor-section elementor-top-section elementor-element elementor-element-e9fe92a elementor-section-boxed elementor-section-height-default elementor-section-height-default\" data-id=\"e9fe92a\" data-element_type=\"section\">\n\t\t\t\t\t\t<div class=\"elementor-container elementor-column-gap-default\">\n\t\t\t\t\t\t\t<div class=\"elementor-row\">\n\t\t\t\t\t<div class=\"elementor-column elementor-col-100 elementor-top-column elementor-element elementor-element-5ba72f8\" data-id=\"5ba72f8\" data-element_type=\"column\">\n\t\t\t<div class=\"elementor-column-wrap elementor-element-populated\">\n\t\t\t\t\t\t\t<div class=\"elementor-widget-wrap\">\n\t\t\t\t\t\t<div class=\"elementor-element elementor-element-74851b9 elementor-widget elementor-widget-text-editor\" data-id=\"74851b9\" data-element_type=\"widget\" data-widget_type=\"text-editor.default\">\n\t\t\t\t<div class=\"elementor-widget-container\">\n\t\t\t\t\t\t\t\t<div class=\"elementor-text-editor elementor-clearfix\">\n\t\t\t\t<h3>Galerija<\/h3>\t\t\t\t\t<\/div>\n\t\t\t\t\t\t<\/div>\n\t\t\t\t<\/div>\n\t\t\t\t\t\t<\/div>\n\t\t\t\t\t<\/div>\n\t\t<\/div>\n\t\t\t\t\t\t\t\t<\/div>\n\t\t\t\t\t<\/div>\n\t\t<\/section>\n\t\t\t\t<section class=\"elementor-section elementor-top-section elementor-element elementor-element-4e37b4a elementor-section-boxed elementor-section-height-default elementor-section-height-default\" data-id=\"4e37b4a\" data-element_type=\"section\">\n\t\t\t\t\t\t<div class=\"elementor-container elementor-column-gap-default\">\n\t\t\t\t\t\t\t<div class=\"elementor-row\">\n\t\t\t\t\t<div class=\"elementor-column elementor-col-100 elementor-top-column elementor-element elementor-element-3634756\" data-id=\"3634756\" data-element_type=\"column\">\n\t\t\t<div class=\"elementor-column-wrap elementor-element-populated\">\n\t\t\t\t\t\t\t<div class=\"elementor-widget-wrap\">\n\t\t\t\t\t\t<div class=\"elementor-element elementor-element-c88aa5e gallery-spacing-custom elementor-widget elementor-widget-image-gallery\" data-id=\"c88aa5e\" data-element_type=\"widget\" data-widget_type=\"image-gallery.default\">\n\t\t\t\t<div class=\"elementor-widget-container\">\n\t\t\t\t\t<div class=\"elementor-image-gallery\">\n\t\t\t<div id='gallery-1' class='gallery galleryid-1489 gallery-columns-3 gallery-size-medium_large'><figure class='gallery-item'>\n\t\t\t<div class='gallery-icon landscape'>\n\t\t\t\t<a  href='https:\/\/bminvest.rs\/wp-content\/uploads\/2023\/08\/Dnevna-soba-slika-2.jpg' data-lightbox=\"gal[1489]\"><img width=\"720\" height=\"405\" src=\"https:\/\/bminvest.rs\/wp-content\/uploads\/2023\/08\/Dnevna-soba-slika-2-768x432.jpg\" class=\"attachment-medium_large size-medium_large\" alt=\"\" decoding=\"async\" loading=\"lazy\" srcset=\"https:\/\/bminvest.rs\/wp-content\/uploads\/2023\/08\/Dnevna-soba-slika-2-768x432.jpg 768w, https:\/\/bminvest.rs\/wp-content\/uploads\/2023\/08\/Dnevna-soba-slika-2-300x169.jpg 300w, https:\/\/bminvest.rs\/wp-content\/uploads\/2023\/08\/Dnevna-soba-slika-2-1024x576.jpg 1024w, https:\/\/bminvest.rs\/wp-content\/uploads\/2023\/08\/Dnevna-soba-slika-2.jpg 1200w\" sizes=\"(max-width: 720px) 100vw, 720px\" \/><\/a>\n\t\t\t<\/div><\/figure><figure class='gallery-item'>\n\t\t\t<div class='gallery-icon landscape'>\n\t\t\t\t<a  href='https:\/\/bminvest.rs\/wp-content\/uploads\/2023\/08\/Dnevna-soba-slika-1.jpg' data-lightbox=\"gal[1489]\"><img width=\"720\" height=\"405\" src=\"https:\/\/bminvest.rs\/wp-content\/uploads\/2023\/08\/Dnevna-soba-slika-1-768x432.jpg\" class=\"attachment-medium_large size-medium_large\" alt=\"\" decoding=\"async\" loading=\"lazy\" srcset=\"https:\/\/bminvest.rs\/wp-content\/uploads\/2023\/08\/Dnevna-soba-slika-1-768x432.jpg 768w, https:\/\/bminvest.rs\/wp-content\/uploads\/2023\/08\/Dnevna-soba-slika-1-300x169.jpg 300w, https:\/\/bminvest.rs\/wp-content\/uploads\/2023\/08\/Dnevna-soba-slika-1-1024x576.jpg 1024w, https:\/\/bminvest.rs\/wp-content\/uploads\/2023\/08\/Dnevna-soba-slika-1.jpg 1200w\" sizes=\"(max-width: 720px) 100vw, 720px\" \/><\/a>\n\t\t\t<\/div><\/figure><figure class='gallery-item'>\n\t\t\t<div class='gallery-icon landscape'>\n\t\t\t\t<a  href='https:\/\/bminvest.rs\/wp-content\/uploads\/2023\/08\/Decija-soba.jpg' data-lightbox=\"gal[1489]\"><img width=\"720\" height=\"405\" src=\"https:\/\/bminvest.rs\/wp-content\/uploads\/2023\/08\/Decija-soba-768x432.jpg\" class=\"attachment-medium_large size-medium_large\" alt=\"\" decoding=\"async\" loading=\"lazy\" srcset=\"https:\/\/bminvest.rs\/wp-content\/uploads\/2023\/08\/Decija-soba-768x432.jpg 768w, https:\/\/bminvest.rs\/wp-content\/uploads\/2023\/08\/Decija-soba-300x169.jpg 300w, https:\/\/bminvest.rs\/wp-content\/uploads\/2023\/08\/Decija-soba-1024x576.jpg 1024w, https:\/\/bminvest.rs\/wp-content\/uploads\/2023\/08\/Decija-soba.jpg 1200w\" sizes=\"(max-width: 720px) 100vw, 720px\" \/><\/a>\n\t\t\t<\/div><\/figure><figure class='gallery-item'>\n\t\t\t<div class='gallery-icon landscape'>\n\t\t\t\t<a  href='https:\/\/bminvest.rs\/wp-content\/uploads\/2023\/08\/Decija-soba-slika-2.jpg' data-lightbox=\"gal[1489]\"><img width=\"720\" height=\"405\" src=\"https:\/\/bminvest.rs\/wp-content\/uploads\/2023\/08\/Decija-soba-slika-2-768x432.jpg\" class=\"attachment-medium_large size-medium_large\" alt=\"\" decoding=\"async\" loading=\"lazy\" srcset=\"https:\/\/bminvest.rs\/wp-content\/uploads\/2023\/08\/Decija-soba-slika-2-768x432.jpg 768w, https:\/\/bminvest.rs\/wp-content\/uploads\/2023\/08\/Decija-soba-slika-2-300x169.jpg 300w, https:\/\/bminvest.rs\/wp-content\/uploads\/2023\/08\/Decija-soba-slika-2-1024x576.jpg 1024w, https:\/\/bminvest.rs\/wp-content\/uploads\/2023\/08\/Decija-soba-slika-2.jpg 1200w\" sizes=\"(max-width: 720px) 100vw, 720px\" \/><\/a>\n\t\t\t<\/div><\/figure><figure class='gallery-item'>\n\t\t\t<div class='gallery-icon landscape'>\n\t\t\t\t<a  href='https:\/\/bminvest.rs\/wp-content\/uploads\/2023\/08\/Decija-soba-slika-1.jpg' data-lightbox=\"gal[1489]\"><img width=\"720\" height=\"405\" src=\"https:\/\/bminvest.rs\/wp-content\/uploads\/2023\/08\/Decija-soba-slika-1-768x432.jpg\" class=\"attachment-medium_large size-medium_large\" alt=\"\" decoding=\"async\" loading=\"lazy\" srcset=\"https:\/\/bminvest.rs\/wp-content\/uploads\/2023\/08\/Decija-soba-slika-1-768x432.jpg 768w, https:\/\/bminvest.rs\/wp-content\/uploads\/2023\/08\/Decija-soba-slika-1-300x169.jpg 300w, https:\/\/bminvest.rs\/wp-content\/uploads\/2023\/08\/Decija-soba-slika-1-1024x576.jpg 1024w, https:\/\/bminvest.rs\/wp-content\/uploads\/2023\/08\/Decija-soba-slika-1.jpg 1200w\" sizes=\"(max-width: 720px) 100vw, 720px\" \/><\/a>\n\t\t\t<\/div><\/figure><figure class='gallery-item'>\n\t\t\t<div class='gallery-icon landscape'>\n\t\t\t\t<a  href='https:\/\/bminvest.rs\/wp-content\/uploads\/2023\/08\/WC.jpg' data-lightbox=\"gal[1489]\"><img width=\"720\" height=\"405\" src=\"https:\/\/bminvest.rs\/wp-content\/uploads\/2023\/08\/WC-768x432.jpg\" class=\"attachment-medium_large size-medium_large\" alt=\"\" decoding=\"async\" loading=\"lazy\" srcset=\"https:\/\/bminvest.rs\/wp-content\/uploads\/2023\/08\/WC-768x432.jpg 768w, https:\/\/bminvest.rs\/wp-content\/uploads\/2023\/08\/WC-300x169.jpg 300w, https:\/\/bminvest.rs\/wp-content\/uploads\/2023\/08\/WC-1024x576.jpg 1024w, https:\/\/bminvest.rs\/wp-content\/uploads\/2023\/08\/WC.jpg 1200w\" sizes=\"(max-width: 720px) 100vw, 720px\" \/><\/a>\n\t\t\t<\/div><\/figure><figure class='gallery-item'>\n\t\t\t<div class='gallery-icon landscape'>\n\t\t\t\t<a  href='https:\/\/bminvest.rs\/wp-content\/uploads\/2023\/08\/Spavaca-soba-slika-2.jpg' data-lightbox=\"gal[1489]\"><img width=\"720\" height=\"405\" src=\"https:\/\/bminvest.rs\/wp-content\/uploads\/2023\/08\/Spavaca-soba-slika-2-768x432.jpg\" class=\"attachment-medium_large size-medium_large\" alt=\"\" decoding=\"async\" loading=\"lazy\" srcset=\"https:\/\/bminvest.rs\/wp-content\/uploads\/2023\/08\/Spavaca-soba-slika-2-768x432.jpg 768w, https:\/\/bminvest.rs\/wp-content\/uploads\/2023\/08\/Spavaca-soba-slika-2-300x169.jpg 300w, https:\/\/bminvest.rs\/wp-content\/uploads\/2023\/08\/Spavaca-soba-slika-2-1024x576.jpg 1024w, https:\/\/bminvest.rs\/wp-content\/uploads\/2023\/08\/Spavaca-soba-slika-2.jpg 1200w\" sizes=\"(max-width: 720px) 100vw, 720px\" \/><\/a>\n\t\t\t<\/div><\/figure><figure class='gallery-item'>\n\t\t\t<div class='gallery-icon landscape'>\n\t\t\t\t<a  href='https:\/\/bminvest.rs\/wp-content\/uploads\/2023\/08\/Spavaca-soba-slika-1.jpg' data-lightbox=\"gal[1489]\"><img width=\"720\" height=\"405\" src=\"https:\/\/bminvest.rs\/wp-content\/uploads\/2023\/08\/Spavaca-soba-slika-1-768x432.jpg\" class=\"attachment-medium_large size-medium_large\" alt=\"\" decoding=\"async\" loading=\"lazy\" srcset=\"https:\/\/bminvest.rs\/wp-content\/uploads\/2023\/08\/Spavaca-soba-slika-1-768x432.jpg 768w, https:\/\/bminvest.rs\/wp-content\/uploads\/2023\/08\/Spavaca-soba-slika-1-300x169.jpg 300w, https:\/\/bminvest.rs\/wp-content\/uploads\/2023\/08\/Spavaca-soba-slika-1-1024x576.jpg 1024w, https:\/\/bminvest.rs\/wp-content\/uploads\/2023\/08\/Spavaca-soba-slika-1.jpg 1200w\" sizes=\"(max-width: 720px) 100vw, 720px\" \/><\/a>\n\t\t\t<\/div><\/figure><figure class='gallery-item'>\n\t\t\t<div class='gallery-icon landscape'>\n\t\t\t\t<a  href='https:\/\/bminvest.rs\/wp-content\/uploads\/2023\/08\/Kupatilo.jpg' data-lightbox=\"gal[1489]\"><img width=\"720\" height=\"405\" src=\"https:\/\/bminvest.rs\/wp-content\/uploads\/2023\/08\/Kupatilo-768x432.jpg\" class=\"attachment-medium_large size-medium_large\" alt=\"\" decoding=\"async\" loading=\"lazy\" srcset=\"https:\/\/bminvest.rs\/wp-content\/uploads\/2023\/08\/Kupatilo-768x432.jpg 768w, https:\/\/bminvest.rs\/wp-content\/uploads\/2023\/08\/Kupatilo-300x169.jpg 300w, https:\/\/bminvest.rs\/wp-content\/uploads\/2023\/08\/Kupatilo-1024x576.jpg 1024w, https:\/\/bminvest.rs\/wp-content\/uploads\/2023\/08\/Kupatilo.jpg 1200w\" sizes=\"(max-width: 720px) 100vw, 720px\" \/><\/a>\n\t\t\t<\/div><\/figure><figure class='gallery-item'>\n\t\t\t<div class='gallery-icon landscape'>\n\t\t\t\t<a  href='https:\/\/bminvest.rs\/wp-content\/uploads\/2023\/08\/Kuhinja.jpg' data-lightbox=\"gal[1489]\"><img width=\"720\" height=\"405\" src=\"https:\/\/bminvest.rs\/wp-content\/uploads\/2023\/08\/Kuhinja-768x432.jpg\" class=\"attachment-medium_large size-medium_large\" alt=\"\" decoding=\"async\" loading=\"lazy\" srcset=\"https:\/\/bminvest.rs\/wp-content\/uploads\/2023\/08\/Kuhinja-768x432.jpg 768w, https:\/\/bminvest.rs\/wp-content\/uploads\/2023\/08\/Kuhinja-300x169.jpg 300w, https:\/\/bminvest.rs\/wp-content\/uploads\/2023\/08\/Kuhinja-1024x576.jpg 1024w, https:\/\/bminvest.rs\/wp-content\/uploads\/2023\/08\/Kuhinja.jpg 1200w\" sizes=\"(max-width: 720px) 100vw, 720px\" \/><\/a>\n\t\t\t<\/div><\/figure><figure class='gallery-item'>\n\t\t\t<div class='gallery-icon landscape'>\n\t\t\t\t<a  href='https:\/\/bminvest.rs\/wp-content\/uploads\/2023\/08\/Hodnik.jpg' data-lightbox=\"gal[1489]\"><img width=\"720\" height=\"405\" src=\"https:\/\/bminvest.rs\/wp-content\/uploads\/2023\/08\/Hodnik-768x432.jpg\" class=\"attachment-medium_large size-medium_large\" alt=\"\" decoding=\"async\" loading=\"lazy\" srcset=\"https:\/\/bminvest.rs\/wp-content\/uploads\/2023\/08\/Hodnik-768x432.jpg 768w, https:\/\/bminvest.rs\/wp-content\/uploads\/2023\/08\/Hodnik-300x169.jpg 300w, https:\/\/bminvest.rs\/wp-content\/uploads\/2023\/08\/Hodnik-1024x576.jpg 1024w, https:\/\/bminvest.rs\/wp-content\/uploads\/2023\/08\/Hodnik.jpg 1200w\" sizes=\"(max-width: 720px) 100vw, 720px\" \/><\/a>\n\t\t\t<\/div><\/figure><figure class='gallery-item'>\n\t\t\t<div class='gallery-icon landscape'>\n\t\t\t\t<a  href='https:\/\/bminvest.rs\/wp-content\/uploads\/2023\/08\/Pticija-Perspektiva-1.jpg' data-lightbox=\"gal[1489]\"><img width=\"720\" height=\"405\" src=\"https:\/\/bminvest.rs\/wp-content\/uploads\/2023\/08\/Pticija-Perspektiva-1-768x432.jpg\" class=\"attachment-medium_large size-medium_large\" alt=\"\" decoding=\"async\" loading=\"lazy\" srcset=\"https:\/\/bminvest.rs\/wp-content\/uploads\/2023\/08\/Pticija-Perspektiva-1-768x432.jpg 768w, https:\/\/bminvest.rs\/wp-content\/uploads\/2023\/08\/Pticija-Perspektiva-1-300x169.jpg 300w, https:\/\/bminvest.rs\/wp-content\/uploads\/2023\/08\/Pticija-Perspektiva-1-1024x576.jpg 1024w, https:\/\/bminvest.rs\/wp-content\/uploads\/2023\/08\/Pticija-Perspektiva-1.jpg 1200w\" sizes=\"(max-width: 720px) 100vw, 720px\" \/><\/a>\n\t\t\t<\/div><\/figure>\n\t\t<\/div>\n\t\t<\/div>\n\t\t\t\t<\/div>\n\t\t\t\t<\/div>\n\t\t\t\t\t\t<\/div>\n\t\t\t\t\t<\/div>\n\t\t<\/div>\n\t\t\t\t\t\t\t\t<\/div>\n\t\t\t\t\t<\/div>\n\t\t<\/section>\n\t\t\t\t\t\t\t\t\t<\/div>\n\t\t\t<\/div>\n\t\t\t\t\t<\/div>\n\t\t","protected":false},"excerpt":{"rendered":"<p>Tip stana 1 Stan je predivan prostor koji \u0107e vas o\u010darati svojom udobno\u0161\u0107u i \u0161armom. Nalazi u mirnom delu grada, pru\u017eaju\u0107i vam idealnu ravnote\u017eu izme\u0111u urbanog \u017eivota i privatnosti. Lokacija je pogodna za brz i jednostavan pristup svim delovima grada. Stan pru\u017ea sve \u0161to vam je potrebno za udoban i kvalitetan \u017eivot u gradu. Ne [&hellip;]<\/p>\n","protected":false},"author":1,"featured_media":0,"parent":0,"menu_order":0,"comment_status":"closed","ping_status":"closed","template":"template-fullwidth.php","meta":[],"_links":{"self":[{"href":"https:\/\/bminvest.rs\/index.php\/wp-json\/wp\/v2\/pages\/1489"}],"collection":[{"href":"https:\/\/bminvest.rs\/index.php\/wp-json\/wp\/v2\/pages"}],"about":[{"href":"https:\/\/bminvest.rs\/index.php\/wp-json\/wp\/v2\/types\/page"}],"author":[{"embeddable":true,"href":"https:\/\/bminvest.rs\/index.php\/wp-json\/wp\/v2\/users\/1"}],"replies":[{"embeddable":true,"href":"https:\/\/bminvest.rs\/index.php\/wp-json\/wp\/v2\/comments?post=1489"}],"version-history":[{"count":86,"href":"https:\/\/bminvest.rs\/index.php\/wp-json\/wp\/v2\/pages\/1489\/revisions"}],"predecessor-version":[{"id":1874,"href":"https:\/\/bminvest.rs\/index.php\/wp-json\/wp\/v2\/pages\/1489\/revisions\/1874"}],"wp:attachment":[{"href":"https:\/\/bminvest.rs\/index.php\/wp-json\/wp\/v2\/media?parent=1489"}],"curies":[{"name":"wp","href":"https:\/\/api.w.org\/{rel}","templated":true}]}}